{"id":718,"date":"2022-09-09T09:09:44","date_gmt":"2022-09-09T09:09:44","guid":{"rendered":"https:\/\/vetting.md\/?page_id=718"},"modified":"2023-05-19T09:58:19","modified_gmt":"2023-05-19T06:58:19","slug":"chestionare","status":"publish","type":"page","link":"https:\/\/vetting.md\/prevetting\/?page_id=718&lang=ro","title":{"rendered":"Chestionare"},"content":{"rendered":"<p>[vc_row wrap_container=&#8221;yes&#8221; conditional_render=&#8221;%5B%7B%22value_role%22%3A%22administrator%22%7D%5D&#8221;][vc_column][vc_empty_space height=&#8221;50px&#8221;][vc_separator align=&#8221;align_left&#8221;]<a class=\"porto-sicon-box-link\" href=\"https:\/\/vetting.md\/wp-content\/uploads\/2023\/05\/Chestionar-integritatea-etica_12.05.2023.docx\" target='_blank'><div class=\"porto-sicon-box  wpb_custom_1efe903570d178ff0a9b7bfa5febd3a4 style_2 default-icon\"><div class=\"porto-sicon-default\"><div id=\"porto-icon-94998702769df401fbc83f\" class=\"porto-just-icon-wrapper porto-sicon-img\" style=\"font-size: 50px;\"><img loading=\"lazy\" decoding=\"async\" class=\"img-icon\" alt=\"\" src=\"https:\/\/vetting.md\/prevetting\/wp-content\/uploads\/2022\/09\/pdf.png\" width=\"512\" height=\"512\" \/><\/div><\/div><div class=\"porto-sicon-header\"><h3 class=\"porto-sicon-title\" style=\"\">Chestionar privind integritatea etic\u0103<\/h3><p>Descarc\u0103<\/p><\/div> <!-- header --><\/div><!-- porto-sicon-box --><\/a>[vc_separator align=&#8221;align_left&#8221;]<a class=\"porto-sicon-box-link\" href=\"https:\/\/vetting.md\/wp-content\/uploads\/2023\/05\/Declaratia-5-ani_5.5.2023.pdf\" target='_blank'><div class=\"porto-sicon-box  wpb_custom_1efe903570d178ff0a9b7bfa5febd3a4 style_2 default-icon\"><div class=\"porto-sicon-default\"><div id=\"porto-icon-19958808469df401fbd5a8\" class=\"porto-just-icon-wrapper porto-sicon-img\" style=\"font-size: 50px;\"><img loading=\"lazy\" decoding=\"async\" class=\"img-icon\" alt=\"\" src=\"https:\/\/vetting.md\/prevetting\/wp-content\/uploads\/2022\/09\/pdf.png\" width=\"512\" height=\"512\" \/><\/div><\/div><div class=\"porto-sicon-header\"><h3 class=\"porto-sicon-title\" style=\"\">Declara\u021bie \u00een baza art. 9 alin. (2) din Legea nr. 26\/2022<\/h3><p>Descarc\u0103<\/p><\/div> <!-- header --><\/div><!-- porto-sicon-box --><\/a>[vc_separator align=&#8221;align_left&#8221;]<a class=\"porto-sicon-box-link\" href=\"https:\/\/vetting.md\/wp-content\/uploads\/2023\/05\/Exemplu_completare_declaratia-5-ani_5.5.2023.pdf\" target='_blank'><div class=\"porto-sicon-box  wpb_custom_1efe903570d178ff0a9b7bfa5febd3a4 style_2 default-icon\"><div class=\"porto-sicon-default\"><div id=\"porto-icon-5042472569df401fbe33c\" class=\"porto-just-icon-wrapper porto-sicon-img\" style=\"font-size: 50px;\"><img loading=\"lazy\" decoding=\"async\" class=\"img-icon\" alt=\"\" src=\"https:\/\/vetting.md\/prevetting\/wp-content\/uploads\/2022\/09\/pdf.png\" width=\"512\" height=\"512\" \/><\/div><\/div><div class=\"porto-sicon-header\"><h3 class=\"porto-sicon-title\" style=\"\">Exemplu de completare a Declara\u021biei pentru 5 ani<\/h3><p>Descarc\u0103<\/p><\/div> <!-- header --><\/div><!-- porto-sicon-box --><\/a>[vc_separator align=&#8221;align_left&#8221;]<a class=\"porto-sicon-box-link\" href=\"https:\/\/vetting.md\/wp-content\/uploads\/2023\/05\/Raspunsuri-intrebari-Declaratie-5-ANI.pdf\" target='_blank'><div class=\"porto-sicon-box  wpb_custom_1efe903570d178ff0a9b7bfa5febd3a4 style_2 default-icon\"><div class=\"porto-sicon-default\"><div id=\"porto-icon-129860698569df401fbf028\" class=\"porto-just-icon-wrapper porto-sicon-img\" style=\"font-size: 50px;\"><img loading=\"lazy\" decoding=\"async\" class=\"img-icon\" alt=\"\" src=\"https:\/\/vetting.md\/prevetting\/wp-content\/uploads\/2022\/09\/pdf.png\" width=\"512\" height=\"512\" \/><\/div><\/div><div class=\"porto-sicon-header\"><h3 class=\"porto-sicon-title\" style=\"\">R\u0103spunsuri la \u00eentreb\u0103ri legate de completarea  Declara\u021biei pentru 5 ani<\/h3><p>Descarc\u0103<\/p><\/div> <!-- header --><\/div><!-- porto-sicon-box --><\/a>[vc_separator align=&#8221;align_left&#8221;][\/vc_column][\/vc_row]<\/p>","protected":false},"excerpt":{"rendered":"<p>[vc_row wrap_container=&#8221;yes&#8221; conditional_render=&#8221;%5B%7B%22value_role%22%3A%22administrator%22%7D%5D&#8221;][vc_column][vc_empty_space height=&#8221;50px&#8221;][vc_separator align=&#8221;align_left&#8221;][vc_separator align=&#8221;align_left&#8221;][vc_separator align=&#8221;align_left&#8221;][vc_separator align=&#8221;align_left&#8221;][vc_separator align=&#8221;align_left&#8221;][\/vc_column][\/vc_row]<\/p>\n","protected":false},"author":1,"featured_media":0,"parent":0,"menu_order":0,"comment_status":"closed","ping_status":"closed","template":"","meta":{"footnotes":""},"class_list":["post-718","page","type-page","status-publish","hentry"],"acf":[],"yoast_head":"<!-- This site is optimized with the Yoast SEO plugin v20.11 - https:\/\/yoast.com\/wordpress\/plugins\/seo\/ -->\n<title>Chestionare - Comisia \u201ePre-Vetting\u201d<\/title>\n<meta name=\"robots\" content=\"index, follow, max-snippet:-1, max-image-preview:large, max-video-preview:-1\" \/>\n<link rel=\"canonical\" href=\"https:\/\/vetting.md\/prevetting\/?page_id=718&lang=ro\" \/>\n<meta property=\"og:locale\" content=\"ro_RO\" \/>\n<meta property=\"og:type\" content=\"article\" \/>\n<meta property=\"og:title\" content=\"Chestionare - Comisia \u201ePre-Vetting\u201d\" \/>\n<meta property=\"og:description\" content=\"[vc_row wrap_container=&#8221;yes&#8221; conditional_render=&#8221;%5B%7B%22value_role%22%3A%22administrator%22%7D%5D&#8221;][vc_column][vc_empty_space height=&#8221;50px&#8221;][vc_separator align=&#8221;align_left&#8221;][vc_separator align=&#8221;align_left&#8221;][vc_separator align=&#8221;align_left&#8221;][vc_separator align=&#8221;align_left&#8221;][vc_separator align=&#8221;align_left&#8221;][\/vc_column][\/vc_row]\" \/>\n<meta property=\"og:url\" content=\"https:\/\/vetting.md\/prevetting\/?page_id=718&amp;lang=ro\" \/>\n<meta property=\"og:site_name\" content=\"Comisia \u201ePre-Vetting\u201d\" \/>\n<meta property=\"article:publisher\" content=\"https:\/\/www.facebook.com\/ComisiaPreVetting\" \/>\n<meta property=\"article:modified_time\" content=\"2023-05-19T06:58:19+00:00\" \/>\n<meta property=\"og:image\" content=\"https:\/\/vetting.md\/prevetting\/wp-content\/uploads\/2022\/10\/logo-primary.png\" \/>\n\t<meta property=\"og:image:width\" content=\"178\" \/>\n\t<meta property=\"og:image:height\" content=\"187\" \/>\n\t<meta property=\"og:image:type\" content=\"image\/png\" \/>\n<meta name=\"twitter:card\" content=\"summary_large_image\" \/>\n<meta name=\"twitter:label1\" content=\"Timp estimat pentru citire\" \/>\n\t<meta name=\"twitter:data1\" content=\"1 minut\" \/>\n<script type=\"application\/ld+json\" class=\"yoast-schema-graph\">{\"@context\":\"https:\/\/schema.org\",\"@graph\":[{\"@type\":\"WebPage\",\"@id\":\"https:\/\/vetting.md\/prevetting\/?page_id=718&lang=ro\",\"url\":\"https:\/\/vetting.md\/prevetting\/?page_id=718&lang=ro\",\"name\":\"Chestionare - Comisia \u201ePre-Vetting\u201d\",\"isPartOf\":{\"@id\":\"https:\/\/vetting.md\/prevetting?lang=ro#website\"},\"datePublished\":\"2022-09-09T09:09:44+00:00\",\"dateModified\":\"2023-05-19T06:58:19+00:00\",\"breadcrumb\":{\"@id\":\"https:\/\/vetting.md\/prevetting\/?page_id=718&lang=ro#breadcrumb\"},\"inLanguage\":\"ro-RO\",\"potentialAction\":[{\"@type\":\"ReadAction\",\"target\":[[\"https:\/\/vetting.md\/prevetting\/?page_id=718&lang=ro\"]]}]},{\"@type\":\"BreadcrumbList\",\"@id\":\"https:\/\/vetting.md\/prevetting\/?page_id=718&lang=ro#breadcrumb\",\"itemListElement\":[{\"@type\":\"ListItem\",\"position\":1,\"name\":\"Home\",\"item\":\"https:\/\/vetting.md\/prevetting\/?lang=ro\"},{\"@type\":\"ListItem\",\"position\":2,\"name\":\"Chestionare\"}]},{\"@type\":\"WebSite\",\"@id\":\"https:\/\/vetting.md\/prevetting?lang=ro#website\",\"url\":\"https:\/\/vetting.md\/prevetting?lang=ro\",\"name\":\"Comisia \u201ePre-Vetting\u201d\",\"description\":\"Comisia independent\u0103 de evaluare a integrit\u0103\u021bii candida\u021bilor la func\u021bia de membru \u00een organele de autoadministrare ale judec\u0103torilor \u0219i procurorilor\",\"publisher\":{\"@id\":\"https:\/\/vetting.md\/prevetting?lang=ro#organization\"},\"potentialAction\":[{\"@type\":\"SearchAction\",\"target\":{\"@type\":\"EntryPoint\",\"urlTemplate\":\"https:\/\/vetting.md\/prevetting?lang=ro\"},\"query-input\":\"required name=search_term_string\"}],\"inLanguage\":\"ro-RO\"},{\"@type\":\"Organization\",\"@id\":\"https:\/\/vetting.md\/prevetting?lang=ro#organization\",\"name\":\"Comisia \u201ePre-Vetting\u201d\",\"url\":\"https:\/\/vetting.md\/prevetting?lang=ro\",\"logo\":{\"@type\":\"ImageObject\",\"inLanguage\":\"ro-RO\",\"@id\":\"https:\/\/vetting.md\/prevetting?lang=ro#\/schema\/logo\/image\/\",\"url\":\"https:\/\/vetting.md\/prevetting\/wp-content\/uploads\/2022\/10\/logo-primary.png\",\"contentUrl\":\"https:\/\/vetting.md\/prevetting\/wp-content\/uploads\/2022\/10\/logo-primary.png\",\"width\":178,\"height\":187,\"caption\":\"Comisia \u201ePre-Vetting\u201d\"},\"image\":{\"@id\":\"https:\/\/vetting.md\/prevetting?lang=ro#\/schema\/logo\/image\/\"},\"sameAs\":[\"https:\/\/www.facebook.com\/ComisiaPreVetting\",\"https:\/\/www.youtube.com\/channel\/UC2EHBvtuq2H0EkeR38NCnKQ\"]}]}<\/script>\n<!-- \/ Yoast SEO plugin. -->","yoast_head_json":{"title":"Chestionare - Comisia \u201ePre-Vetting\u201d","robots":{"index":"index","follow":"follow","max-snippet":"max-snippet:-1","max-image-preview":"max-image-preview:large","max-video-preview":"max-video-preview:-1"},"canonical":"https:\/\/vetting.md\/prevetting\/?page_id=718&lang=ro","og_locale":"ro_RO","og_type":"article","og_title":"Chestionare - Comisia \u201ePre-Vetting\u201d","og_description":"[vc_row wrap_container=&#8221;yes&#8221; conditional_render=&#8221;%5B%7B%22value_role%22%3A%22administrator%22%7D%5D&#8221;][vc_column][vc_empty_space height=&#8221;50px&#8221;][vc_separator align=&#8221;align_left&#8221;][vc_separator align=&#8221;align_left&#8221;][vc_separator align=&#8221;align_left&#8221;][vc_separator align=&#8221;align_left&#8221;][vc_separator align=&#8221;align_left&#8221;][\/vc_column][\/vc_row]","og_url":"https:\/\/vetting.md\/prevetting\/?page_id=718&lang=ro","og_site_name":"Comisia \u201ePre-Vetting\u201d","article_publisher":"https:\/\/www.facebook.com\/ComisiaPreVetting","article_modified_time":"2023-05-19T06:58:19+00:00","og_image":[{"width":178,"height":187,"url":"https:\/\/vetting.md\/prevetting\/wp-content\/uploads\/2022\/10\/logo-primary.png","type":"image\/png"}],"twitter_card":"summary_large_image","twitter_misc":{"Timp estimat pentru citire":"1 minut"},"schema":{"@context":"https:\/\/schema.org","@graph":[{"@type":"WebPage","@id":"https:\/\/vetting.md\/prevetting\/?page_id=718&lang=ro","url":"https:\/\/vetting.md\/prevetting\/?page_id=718&lang=ro","name":"Chestionare - Comisia \u201ePre-Vetting\u201d","isPartOf":{"@id":"https:\/\/vetting.md\/prevetting?lang=ro#website"},"datePublished":"2022-09-09T09:09:44+00:00","dateModified":"2023-05-19T06:58:19+00:00","breadcrumb":{"@id":"https:\/\/vetting.md\/prevetting\/?page_id=718&lang=ro#breadcrumb"},"inLanguage":"ro-RO","potentialAction":[{"@type":"ReadAction","target":[["https:\/\/vetting.md\/prevetting\/?page_id=718&lang=ro"]]}]},{"@type":"BreadcrumbList","@id":"https:\/\/vetting.md\/prevetting\/?page_id=718&lang=ro#breadcrumb","itemListElement":[{"@type":"ListItem","position":1,"name":"Home","item":"https:\/\/vetting.md\/prevetting\/?lang=ro"},{"@type":"ListItem","position":2,"name":"Chestionare"}]},{"@type":"WebSite","@id":"https:\/\/vetting.md\/prevetting?lang=ro#website","url":"https:\/\/vetting.md\/prevetting?lang=ro","name":"Comisia \u201ePre-Vetting\u201d","description":"Comisia independent\u0103 de evaluare a integrit\u0103\u021bii candida\u021bilor la func\u021bia de membru \u00een organele de autoadministrare ale judec\u0103torilor \u0219i procurorilor","publisher":{"@id":"https:\/\/vetting.md\/prevetting?lang=ro#organization"},"potentialAction":[{"@type":"SearchAction","target":{"@type":"EntryPoint","urlTemplate":"https:\/\/vetting.md\/prevetting?lang=ro"},"query-input":"required name=search_term_string"}],"inLanguage":"ro-RO"},{"@type":"Organization","@id":"https:\/\/vetting.md\/prevetting?lang=ro#organization","name":"Comisia \u201ePre-Vetting\u201d","url":"https:\/\/vetting.md\/prevetting?lang=ro","logo":{"@type":"ImageObject","inLanguage":"ro-RO","@id":"https:\/\/vetting.md\/prevetting?lang=ro#\/schema\/logo\/image\/","url":"https:\/\/vetting.md\/prevetting\/wp-content\/uploads\/2022\/10\/logo-primary.png","contentUrl":"https:\/\/vetting.md\/prevetting\/wp-content\/uploads\/2022\/10\/logo-primary.png","width":178,"height":187,"caption":"Comisia \u201ePre-Vetting\u201d"},"image":{"@id":"https:\/\/vetting.md\/prevetting?lang=ro#\/schema\/logo\/image\/"},"sameAs":["https:\/\/www.facebook.com\/ComisiaPreVetting","https:\/\/www.youtube.com\/channel\/UC2EHBvtuq2H0EkeR38NCnKQ"]}]}},"_links":{"self":[{"href":"https:\/\/vetting.md\/prevetting?lang=ro%2Findex.php&rest_route=\/wp\/v2\/pages\/718","targetHints":{"allow":["GET"]}}],"collection":[{"href":"https:\/\/vetting.md\/prevetting?lang=ro%2Findex.php&rest_route=\/wp\/v2\/pages"}],"about":[{"href":"https:\/\/vetting.md\/prevetting?lang=ro%2Findex.php&rest_route=\/wp\/v2\/types\/page"}],"author":[{"embeddable":true,"href":"https:\/\/vetting.md\/prevetting?lang=ro%2Findex.php&rest_route=\/wp\/v2\/users\/1"}],"replies":[{"embeddable":true,"href":"https:\/\/vetting.md\/prevetting?lang=ro%2Findex.php&rest_route=%2Fwp%2Fv2%2Fcomments&post=718"}],"version-history":[{"count":49,"href":"https:\/\/vetting.md\/prevetting?lang=ro%2Findex.php&rest_route=\/wp\/v2\/pages\/718\/revisions"}],"predecessor-version":[{"id":3272,"href":"https:\/\/vetting.md\/prevetting?lang=ro%2Findex.php&rest_route=\/wp\/v2\/pages\/718\/revisions\/3272"}],"wp:attachment":[{"href":"https:\/\/vetting.md\/prevetting?lang=ro%2Findex.php&rest_route=%2Fwp%2Fv2%2Fmedia&parent=718"}],"curies":[{"name":"wp","href":"https:\/\/api.w.org\/{rel}","templated":true}]}}