{"id":711,"date":"2022-09-09T09:06:29","date_gmt":"2022-09-09T09:06:29","guid":{"rendered":"https:\/\/vetting.md\/?page_id=711"},"modified":"2023-10-03T12:38:29","modified_gmt":"2023-10-03T09:38:29","slug":"cadrul-legal-national","status":"publish","type":"page","link":"https:\/\/vetting.md\/prevetting\/?page_id=711&lang=ro","title":{"rendered":"Na\u021bional"},"content":{"rendered":"<p>[vc_row wrap_container=&#8221;yes&#8221; conditional_render=&#8221;%5B%7B%22value_role%22%3A%22administrator%22%7D%5D&#8221;][vc_column][vc_empty_space height=&#8221;50px&#8221;][vc_separator align=&#8221;align_left&#8221;]<a class=\"porto-sicon-box-link\" href=\"https:\/\/vetting.md\/wp-content\/uploads\/2023\/10\/Legea_26_2022_amend._22.08.2023.pdf\" target='_blank'><div class=\"porto-sicon-box  wpb_custom_1efe903570d178ff0a9b7bfa5febd3a4 style_2 default-icon\"><div class=\"porto-sicon-default\"><div id=\"porto-icon-89870884969de9c974ef1d\" class=\"porto-just-icon-wrapper porto-sicon-img\" style=\"font-size: 50px;\"><img loading=\"lazy\" decoding=\"async\" class=\"img-icon\" alt=\"\" src=\"https:\/\/vetting.md\/prevetting\/wp-content\/uploads\/2022\/09\/pdf.png\" width=\"512\" height=\"512\" \/><\/div><\/div><div class=\"porto-sicon-header\"><h3 class=\"porto-sicon-title\" style=\"\">LEGEA nr. 26 din 10.03.2022 privind unele m\u0103suri aferente select\u0103rii candida\u021bilor la func\u021bia de membru \u00een organele de autoadministrare ale judec\u0103torilor \u0219i procurorilor<\/h3><p>Descarc\u0103<\/p><\/div> <!-- header --><\/div><!-- porto-sicon-box --><\/a>[vc_separator align=&#8221;align_left&#8221;]<a class=\"porto-sicon-box-link\" href=\"https:\/\/vetting.md\/wp-content\/uploads\/2022\/12\/Modificare-lege-26-RO.pdf\" target='_blank'><div class=\"porto-sicon-box  wpb_custom_1efe903570d178ff0a9b7bfa5febd3a4 style_2 default-icon\"><div class=\"porto-sicon-default\"><div id=\"porto-icon-117323839269de9c974fba6\" class=\"porto-just-icon-wrapper porto-sicon-img\" style=\"font-size: 50px;\"><img loading=\"lazy\" decoding=\"async\" class=\"img-icon\" alt=\"\" src=\"https:\/\/vetting.md\/prevetting\/wp-content\/uploads\/2022\/09\/pdf.png\" width=\"512\" height=\"512\" \/><\/div><\/div><div class=\"porto-sicon-header\"><h3 class=\"porto-sicon-title\" style=\"\">LEGEA nr. LP354\/2022 din 22.12.2022 pentru modificarea Legii nr. 26\/2022 privind unele m\u0103suri aferente select\u0103rii candida\u021bilor la func\u021bia de membru \u00een organele de autoadministrare ale judec\u0103torilor \u0219i procurorilor<\/h3><p>Descarc\u0103<\/p><\/div> <!-- header --><\/div><!-- porto-sicon-box --><\/a>[vc_separator align=&#8221;align_left&#8221;]<a class=\"porto-sicon-box-link\" href=\"https:\/\/vetting.md\/wp-content\/uploads\/2022\/09\/Legea-nr.1264_amendata-2011_RO.pdf\" target='_blank'><div class=\"porto-sicon-box  wpb_custom_1efe903570d178ff0a9b7bfa5febd3a4 style_2 default-icon\"><div class=\"porto-sicon-default\"><div id=\"porto-icon-171364917869de9c97507a0\" class=\"porto-just-icon-wrapper porto-sicon-img\" style=\"font-size: 50px;\"><img loading=\"lazy\" decoding=\"async\" class=\"img-icon\" alt=\"\" src=\"https:\/\/vetting.md\/prevetting\/wp-content\/uploads\/2022\/09\/pdf.png\" width=\"512\" height=\"512\" \/><\/div><\/div><div class=\"porto-sicon-header\"><h3 class=\"porto-sicon-title\" style=\"\">LEGEA nr. 1264 din 19.07.2002 privind declararea \u015fi controlul veniturilor \u015fi al propriet\u0103\u0163ii persoanelor cu func\u0163ii de demnitate public\u0103, judec\u0103torilor, procurorilor, func\u0163ionarilor publici \u015fi a unor persoane cu func\u0163ie de conducere<\/h3><p>Descarc\u0103<\/p><\/div> <!-- header --><\/div><!-- porto-sicon-box --><\/a>[vc_separator align=&#8221;align_left&#8221;]<a class=\"porto-sicon-box-link\" href=\"https:\/\/vetting.md\/wp-content\/uploads\/2022\/09\/120706.pdf\" target='_blank'><div class=\"porto-sicon-box  wpb_custom_1efe903570d178ff0a9b7bfa5febd3a4 style_2 default-icon\"><div class=\"porto-sicon-default\"><div id=\"porto-icon-130748585169de9c97513cf\" class=\"porto-just-icon-wrapper porto-sicon-img\" style=\"font-size: 50px;\"><img loading=\"lazy\" decoding=\"async\" class=\"img-icon\" alt=\"\" src=\"https:\/\/vetting.md\/prevetting\/wp-content\/uploads\/2022\/09\/pdf.png\" width=\"512\" height=\"512\" \/><\/div><\/div><div class=\"porto-sicon-header\"><h3 class=\"porto-sicon-title\" style=\"\">LEGEA nr. 82 din 25.05.2017 privind integritatea<\/h3><p>Descarc\u0103<\/p><\/div> <!-- header --><\/div><!-- porto-sicon-box --><\/a>[vc_separator align=&#8221;align_left&#8221;]<a class=\"porto-sicon-box-link\" href=\"https:\/\/vetting.md\/wp-content\/uploads\/2022\/09\/Legea-325-privind-integritatii-profesionale.pdf\" target='_blank'><div class=\"porto-sicon-box  wpb_custom_1efe903570d178ff0a9b7bfa5febd3a4 style_2 default-icon\"><div class=\"porto-sicon-default\"><div id=\"porto-icon-101806649869de9c9751ff1\" class=\"porto-just-icon-wrapper porto-sicon-img\" style=\"font-size: 50px;\"><img loading=\"lazy\" decoding=\"async\" class=\"img-icon\" alt=\"\" src=\"https:\/\/vetting.md\/prevetting\/wp-content\/uploads\/2022\/09\/pdf.png\" width=\"512\" height=\"512\" \/><\/div><\/div><div class=\"porto-sicon-header\"><h3 class=\"porto-sicon-title\" style=\"\">LEGEA nr. 325 din 23.12.2013 privind evaluarea integrit\u0103\u0163ii institu\u0163ionale<\/h3><p>Descarc\u0103<\/p><\/div> <!-- header --><\/div><!-- porto-sicon-box --><\/a>[vc_separator align=&#8221;align_left&#8221;]<a class=\"porto-sicon-box-link\" href=\"https:\/\/vetting.md\/wp-content\/uploads\/2022\/09\/Legea-133_2016.pdf\" target='_blank'><div class=\"porto-sicon-box  wpb_custom_1efe903570d178ff0a9b7bfa5febd3a4 style_2 default-icon\"><div class=\"porto-sicon-default\"><div id=\"porto-icon-31988675369de9c9752c05\" class=\"porto-just-icon-wrapper porto-sicon-img\" style=\"font-size: 50px;\"><img loading=\"lazy\" decoding=\"async\" class=\"img-icon\" alt=\"\" src=\"https:\/\/vetting.md\/prevetting\/wp-content\/uploads\/2022\/09\/pdf.png\" width=\"512\" height=\"512\" \/><\/div><\/div><div class=\"porto-sicon-header\"><h3 class=\"porto-sicon-title\" style=\"\">LEGEA nr. 133 din 17.06.2016 privind declararea averii \u015fi a intereselor personale<\/h3><p>Descarc\u0103<\/p><\/div> <!-- header --><\/div><!-- porto-sicon-box --><\/a>[vc_separator align=&#8221;align_left&#8221;]<a class=\"porto-sicon-box-link\" href=\"https:\/\/vetting.md\/wp-content\/uploads\/2022\/10\/Legea-132-ANI.pdf\" target='_blank'><div class=\"porto-sicon-box  wpb_custom_1efe903570d178ff0a9b7bfa5febd3a4 style_2 default-icon\"><div class=\"porto-sicon-default\"><div id=\"porto-icon-79127498269de9c975381e\" class=\"porto-just-icon-wrapper porto-sicon-img\" style=\"font-size: 50px;\"><img loading=\"lazy\" decoding=\"async\" class=\"img-icon\" alt=\"\" src=\"https:\/\/vetting.md\/prevetting\/wp-content\/uploads\/2022\/09\/pdf.png\" width=\"512\" height=\"512\" \/><\/div><\/div><div class=\"porto-sicon-header\"><h3 class=\"porto-sicon-title\" style=\"\">LEGEA nr. 132 din 17.06.2016 cu privire la Autoritatea Na\u0163ional\u0103 de Integritate<\/h3><p>Descarc\u0103<\/p><\/div> <!-- header --><\/div><!-- porto-sicon-box --><\/a>[vc_separator align=&#8221;align_left&#8221;][\/vc_column][\/vc_row]<\/p>","protected":false},"excerpt":{"rendered":"<p>[vc_row wrap_container=&#8221;yes&#8221; conditional_render=&#8221;%5B%7B%22value_role%22%3A%22administrator%22%7D%5D&#8221;][vc_column][vc_empty_space height=&#8221;50px&#8221;][vc_separator align=&#8221;align_left&#8221;][vc_separator align=&#8221;align_left&#8221;][vc_separator align=&#8221;align_left&#8221;][vc_separator align=&#8221;align_left&#8221;][vc_separator align=&#8221;align_left&#8221;][vc_separator align=&#8221;align_left&#8221;][vc_separator align=&#8221;align_left&#8221;][vc_separator align=&#8221;align_left&#8221;][\/vc_column][\/vc_row]<\/p>\n","protected":false},"author":1,"featured_media":0,"parent":0,"menu_order":0,"comment_status":"closed","ping_status":"closed","template":"","meta":{"footnotes":""},"class_list":["post-711","page","type-page","status-publish","hentry"],"acf":[],"yoast_head":"<!-- This site is optimized with the Yoast SEO plugin v20.11 - https:\/\/yoast.com\/wordpress\/plugins\/seo\/ -->\n<title>Na\u021bional - Comisia \u201ePre-Vetting\u201d<\/title>\n<meta name=\"robots\" content=\"index, follow, max-snippet:-1, max-image-preview:large, max-video-preview:-1\" \/>\n<link rel=\"canonical\" href=\"https:\/\/vetting.md\/prevetting\/?page_id=711&lang=ro\" \/>\n<meta property=\"og:locale\" content=\"ro_RO\" \/>\n<meta property=\"og:type\" content=\"article\" \/>\n<meta property=\"og:title\" content=\"Na\u021bional - Comisia \u201ePre-Vetting\u201d\" \/>\n<meta property=\"og:description\" content=\"[vc_row wrap_container=&#8221;yes&#8221; conditional_render=&#8221;%5B%7B%22value_role%22%3A%22administrator%22%7D%5D&#8221;][vc_column][vc_empty_space height=&#8221;50px&#8221;][vc_separator align=&#8221;align_left&#8221;][vc_separator align=&#8221;align_left&#8221;][vc_separator align=&#8221;align_left&#8221;][vc_separator align=&#8221;align_left&#8221;][vc_separator align=&#8221;align_left&#8221;][vc_separator align=&#8221;align_left&#8221;][vc_separator align=&#8221;align_left&#8221;][vc_separator align=&#8221;align_left&#8221;][\/vc_column][\/vc_row]\" \/>\n<meta property=\"og:url\" content=\"https:\/\/vetting.md\/prevetting\/?page_id=711&amp;lang=ro\" \/>\n<meta property=\"og:site_name\" content=\"Comisia \u201ePre-Vetting\u201d\" \/>\n<meta property=\"article:publisher\" content=\"https:\/\/www.facebook.com\/ComisiaPreVetting\" \/>\n<meta property=\"article:modified_time\" content=\"2023-10-03T09:38:29+00:00\" \/>\n<meta property=\"og:image\" content=\"https:\/\/vetting.md\/prevetting\/wp-content\/uploads\/2022\/10\/logo-primary.png\" \/>\n\t<meta property=\"og:image:width\" content=\"178\" \/>\n\t<meta property=\"og:image:height\" content=\"187\" \/>\n\t<meta property=\"og:image:type\" content=\"image\/png\" \/>\n<meta name=\"twitter:card\" content=\"summary_large_image\" \/>\n<meta name=\"twitter:label1\" content=\"Timp estimat pentru citire\" \/>\n\t<meta name=\"twitter:data1\" content=\"2 minute\" \/>\n<script type=\"application\/ld+json\" class=\"yoast-schema-graph\">{\"@context\":\"https:\/\/schema.org\",\"@graph\":[{\"@type\":\"WebPage\",\"@id\":\"https:\/\/vetting.md\/prevetting\/?page_id=711&lang=ro\",\"url\":\"https:\/\/vetting.md\/prevetting\/?page_id=711&lang=ro\",\"name\":\"Na\u021bional - Comisia \u201ePre-Vetting\u201d\",\"isPartOf\":{\"@id\":\"https:\/\/vetting.md\/prevetting?lang=ro#website\"},\"datePublished\":\"2022-09-09T09:06:29+00:00\",\"dateModified\":\"2023-10-03T09:38:29+00:00\",\"breadcrumb\":{\"@id\":\"https:\/\/vetting.md\/prevetting\/?page_id=711&lang=ro#breadcrumb\"},\"inLanguage\":\"ro-RO\",\"potentialAction\":[{\"@type\":\"ReadAction\",\"target\":[[\"https:\/\/vetting.md\/prevetting\/?page_id=711&lang=ro\"]]}]},{\"@type\":\"BreadcrumbList\",\"@id\":\"https:\/\/vetting.md\/prevetting\/?page_id=711&lang=ro#breadcrumb\",\"itemListElement\":[{\"@type\":\"ListItem\",\"position\":1,\"name\":\"Home\",\"item\":\"https:\/\/vetting.md\/prevetting\/?lang=ro\"},{\"@type\":\"ListItem\",\"position\":2,\"name\":\"Na\u021bional\"}]},{\"@type\":\"WebSite\",\"@id\":\"https:\/\/vetting.md\/prevetting?lang=ro#website\",\"url\":\"https:\/\/vetting.md\/prevetting?lang=ro\",\"name\":\"Comisia \u201ePre-Vetting\u201d\",\"description\":\"Comisia independent\u0103 de evaluare a integrit\u0103\u021bii candida\u021bilor la func\u021bia de membru \u00een organele de autoadministrare ale judec\u0103torilor \u0219i procurorilor\",\"publisher\":{\"@id\":\"https:\/\/vetting.md\/prevetting?lang=ro#organization\"},\"potentialAction\":[{\"@type\":\"SearchAction\",\"target\":{\"@type\":\"EntryPoint\",\"urlTemplate\":\"https:\/\/vetting.md\/prevetting?lang=ro\"},\"query-input\":\"required name=search_term_string\"}],\"inLanguage\":\"ro-RO\"},{\"@type\":\"Organization\",\"@id\":\"https:\/\/vetting.md\/prevetting?lang=ro#organization\",\"name\":\"Comisia \u201ePre-Vetting\u201d\",\"url\":\"https:\/\/vetting.md\/prevetting?lang=ro\",\"logo\":{\"@type\":\"ImageObject\",\"inLanguage\":\"ro-RO\",\"@id\":\"https:\/\/vetting.md\/prevetting?lang=ro#\/schema\/logo\/image\/\",\"url\":\"https:\/\/vetting.md\/prevetting\/wp-content\/uploads\/2022\/10\/logo-primary.png\",\"contentUrl\":\"https:\/\/vetting.md\/prevetting\/wp-content\/uploads\/2022\/10\/logo-primary.png\",\"width\":178,\"height\":187,\"caption\":\"Comisia \u201ePre-Vetting\u201d\"},\"image\":{\"@id\":\"https:\/\/vetting.md\/prevetting?lang=ro#\/schema\/logo\/image\/\"},\"sameAs\":[\"https:\/\/www.facebook.com\/ComisiaPreVetting\",\"https:\/\/www.youtube.com\/channel\/UC2EHBvtuq2H0EkeR38NCnKQ\"]}]}<\/script>\n<!-- \/ Yoast SEO plugin. -->","yoast_head_json":{"title":"Na\u021bional - Comisia \u201ePre-Vetting\u201d","robots":{"index":"index","follow":"follow","max-snippet":"max-snippet:-1","max-image-preview":"max-image-preview:large","max-video-preview":"max-video-preview:-1"},"canonical":"https:\/\/vetting.md\/prevetting\/?page_id=711&lang=ro","og_locale":"ro_RO","og_type":"article","og_title":"Na\u021bional - Comisia \u201ePre-Vetting\u201d","og_description":"[vc_row wrap_container=&#8221;yes&#8221; conditional_render=&#8221;%5B%7B%22value_role%22%3A%22administrator%22%7D%5D&#8221;][vc_column][vc_empty_space height=&#8221;50px&#8221;][vc_separator align=&#8221;align_left&#8221;][vc_separator align=&#8221;align_left&#8221;][vc_separator align=&#8221;align_left&#8221;][vc_separator align=&#8221;align_left&#8221;][vc_separator align=&#8221;align_left&#8221;][vc_separator align=&#8221;align_left&#8221;][vc_separator align=&#8221;align_left&#8221;][vc_separator align=&#8221;align_left&#8221;][\/vc_column][\/vc_row]","og_url":"https:\/\/vetting.md\/prevetting\/?page_id=711&lang=ro","og_site_name":"Comisia \u201ePre-Vetting\u201d","article_publisher":"https:\/\/www.facebook.com\/ComisiaPreVetting","article_modified_time":"2023-10-03T09:38:29+00:00","og_image":[{"width":178,"height":187,"url":"https:\/\/vetting.md\/prevetting\/wp-content\/uploads\/2022\/10\/logo-primary.png","type":"image\/png"}],"twitter_card":"summary_large_image","twitter_misc":{"Timp estimat pentru citire":"2 minute"},"schema":{"@context":"https:\/\/schema.org","@graph":[{"@type":"WebPage","@id":"https:\/\/vetting.md\/prevetting\/?page_id=711&lang=ro","url":"https:\/\/vetting.md\/prevetting\/?page_id=711&lang=ro","name":"Na\u021bional - Comisia \u201ePre-Vetting\u201d","isPartOf":{"@id":"https:\/\/vetting.md\/prevetting?lang=ro#website"},"datePublished":"2022-09-09T09:06:29+00:00","dateModified":"2023-10-03T09:38:29+00:00","breadcrumb":{"@id":"https:\/\/vetting.md\/prevetting\/?page_id=711&lang=ro#breadcrumb"},"inLanguage":"ro-RO","potentialAction":[{"@type":"ReadAction","target":[["https:\/\/vetting.md\/prevetting\/?page_id=711&lang=ro"]]}]},{"@type":"BreadcrumbList","@id":"https:\/\/vetting.md\/prevetting\/?page_id=711&lang=ro#breadcrumb","itemListElement":[{"@type":"ListItem","position":1,"name":"Home","item":"https:\/\/vetting.md\/prevetting\/?lang=ro"},{"@type":"ListItem","position":2,"name":"Na\u021bional"}]},{"@type":"WebSite","@id":"https:\/\/vetting.md\/prevetting?lang=ro#website","url":"https:\/\/vetting.md\/prevetting?lang=ro","name":"Comisia \u201ePre-Vetting\u201d","description":"Comisia independent\u0103 de evaluare a integrit\u0103\u021bii candida\u021bilor la func\u021bia de membru \u00een organele de autoadministrare ale judec\u0103torilor \u0219i procurorilor","publisher":{"@id":"https:\/\/vetting.md\/prevetting?lang=ro#organization"},"potentialAction":[{"@type":"SearchAction","target":{"@type":"EntryPoint","urlTemplate":"https:\/\/vetting.md\/prevetting?lang=ro"},"query-input":"required name=search_term_string"}],"inLanguage":"ro-RO"},{"@type":"Organization","@id":"https:\/\/vetting.md\/prevetting?lang=ro#organization","name":"Comisia \u201ePre-Vetting\u201d","url":"https:\/\/vetting.md\/prevetting?lang=ro","logo":{"@type":"ImageObject","inLanguage":"ro-RO","@id":"https:\/\/vetting.md\/prevetting?lang=ro#\/schema\/logo\/image\/","url":"https:\/\/vetting.md\/prevetting\/wp-content\/uploads\/2022\/10\/logo-primary.png","contentUrl":"https:\/\/vetting.md\/prevetting\/wp-content\/uploads\/2022\/10\/logo-primary.png","width":178,"height":187,"caption":"Comisia \u201ePre-Vetting\u201d"},"image":{"@id":"https:\/\/vetting.md\/prevetting?lang=ro#\/schema\/logo\/image\/"},"sameAs":["https:\/\/www.facebook.com\/ComisiaPreVetting","https:\/\/www.youtube.com\/channel\/UC2EHBvtuq2H0EkeR38NCnKQ"]}]}},"_links":{"self":[{"href":"https:\/\/vetting.md\/prevetting?lang=ro%2Findex.php&rest_route=\/wp\/v2\/pages\/711","targetHints":{"allow":["GET"]}}],"collection":[{"href":"https:\/\/vetting.md\/prevetting?lang=ro%2Findex.php&rest_route=\/wp\/v2\/pages"}],"about":[{"href":"https:\/\/vetting.md\/prevetting?lang=ro%2Findex.php&rest_route=\/wp\/v2\/types\/page"}],"author":[{"embeddable":true,"href":"https:\/\/vetting.md\/prevetting?lang=ro%2Findex.php&rest_route=\/wp\/v2\/users\/1"}],"replies":[{"embeddable":true,"href":"https:\/\/vetting.md\/prevetting?lang=ro%2Findex.php&rest_route=%2Fwp%2Fv2%2Fcomments&post=711"}],"version-history":[{"count":48,"href":"https:\/\/vetting.md\/prevetting?lang=ro%2Findex.php&rest_route=\/wp\/v2\/pages\/711\/revisions"}],"predecessor-version":[{"id":3885,"href":"https:\/\/vetting.md\/prevetting?lang=ro%2Findex.php&rest_route=\/wp\/v2\/pages\/711\/revisions\/3885"}],"wp:attachment":[{"href":"https:\/\/vetting.md\/prevetting?lang=ro%2Findex.php&rest_route=%2Fwp%2Fv2%2Fmedia&parent=711"}],"curies":[{"name":"wp","href":"https:\/\/api.w.org\/{rel}","templated":true}]}}