{"id":708,"date":"2022-09-09T09:04:55","date_gmt":"2022-09-09T09:04:55","guid":{"rendered":"https:\/\/vetting.md\/?page_id=708"},"modified":"2022-10-20T16:50:52","modified_gmt":"2022-10-20T13:50:52","slug":"informatii-generale","status":"publish","type":"page","link":"https:\/\/vetting.md\/prevetting\/?page_id=708&lang=ro","title":{"rendered":"Informa\u021bii generale"},"content":{"rendered":"<p>[vc_row wrap_container=&#8221;yes&#8221; el_class=&#8221;custom-bg-pos&#8221; conditional_render=&#8221;%5B%7B%22value_role%22%3A%22administrator%22%7D%5D&#8221; css=&#8221;.vc_custom_1663565567933{padding-top: 60px !important;background-color: #eaeaea !important;background-position: center !important;background-repeat: no-repeat !important;background-size: cover !important;}&#8221;][vc_column][vc_row_inner][vc_column_inner][vc_custom_heading text=&#8221;Comisia Pre-Vetting&#8221; font_container=&#8221;tag:h2|font_size:1.9em|text_align:left|line_height:0.5&#8243; use_theme_fonts=&#8221;yes&#8221; letter_spacing=&#8221;-1px&#8221; animation_delay=&#8221;800&#8243; el_class=&#8221;pb-3 mb-4&#8243;][vc_custom_heading text=&#8221;<\/p>\n<p>Creat\u0103 la 4 aprilie 2022, \u00een temeiul Legii nr. 26 din 10.03.2022 privind unele m\u0103suri aferente select\u0103rii candida\u021bilor la func\u021biile de membri \u00een organele de autoadministrare ale judec\u0103torilor \u0219i procurorilor, Comisia de evaluare a integrit\u0103\u021bii viitorilor lideri din justi\u021bie este alc\u0103tuit\u0103 din \u0219ase membri, trei dintre care au fost numi\u021bi de c\u0103tre Parlament, fiind respectat principiul de propor\u021bionalitate \u00eentre majoritate \u0219i opozi\u021bie, reie\u0219ind din num\u0103rul de mandate ob\u021binute, iar ceilal\u021bi trei au fost propu\u0219i de partenerii de dezvoltare.<\/p>\n<p>Comisia este condus\u0103 de un pre\u0219edinte, ales din r\u00e2ndul membrilor, prin vot secret, cu votul majorit\u0103\u021bii membrilor Comisiei.<br \/>\n\u00cen exercitarea atribu\u021biilor sale, Comisia de evaluare este asistat\u0103 de un Secretariat, care este o structur\u0103 f\u0103r\u0103 personalitate juridic\u0103, format\u0103 ad-hoc, independent\u0103 de orice autoritate public\u0103. Activitatea Secretariatului este coordonat\u0103 de \u0219eful Secretariatului, iar \u00een activitatea lor, at\u00e2t \u0219eful Secretariatului, c\u00e2t \u0219i angaja\u021bii acestuia nu se subordoneaz\u0103 partenerilor de dezvoltare, fiind independen\u021bi \u00een luarea deciziilor \u0219i se supun exclusiv Comisiei de evaluare \u0219i pre\u0219edintelui acesteia.&#8221; font_container=&#8221;tag:p|font_size:1.3em|text_align:left&#8221; use_theme_fonts=&#8221;yes&#8221; animation_delay=&#8221;1100&#8243; el_class=&#8221;pb-2 mb-4&#8243;][\/vc_column_inner][\/vc_row_inner][vc_empty_space height=&#8221;15px&#8221;][vc_custom_heading text=&#8221;Ce este Pre-Vettingul?&#8221; font_container=&#8221;tag:h2|font_size:1.9em|text_align:left|line_height:0.5&#8243; use_theme_fonts=&#8221;yes&#8221; letter_spacing=&#8221;-1px&#8221; animation_delay=&#8221;800&#8243; el_class=&#8221;pb-3 mb-4&#8243;][vc_custom_heading text=&#8221;<\/p>\n<p>Pre-Vettingul, \u00een sensul activit\u0103\u021bii Comisie de evaluare, este procesul de verificare a integrit\u0103\u021bii judec\u0103torilor \u0219i procurorilor ce aspir\u0103 la func\u021bii \u00een Consiliul Superior al Magistraturii(CSM) \u0219i Consiliul Superior al Procurorilor (CSP) &#8211; pilonii puterii judec\u0103tore\u0219ti, de c\u0103tre un organ format din exper\u021bi na\u021bionali \u0219i str\u0103ini, ce nu fac parte din sistemul judiciar moldovenesc, \u0219i care analizeaz\u0103 \u0219i stabilesc dac\u0103 candida\u021bii au avut un comportament compatibil cu etica profesional\u0103 pe parcursul activit\u0103\u021bii, dac\u0103 au adoptat sau nu acte arbitrare, dac\u0103 au admis conflicte de interese, dac\u0103 au declarat \u00een mod corespunz\u0103tor averea \u0219i dac\u0103 aceasta corespunde veniturilor lor.<\/p>\n<p>Potrivit legisla\u021biei Republicii Moldova, Pre-Vetting-ul include urm\u0103toarele etape:<\/p>\n<p>1. Ini\u021bierea procedurii de evaluare \u2013 Candida\u021bii pentru ocuparea func\u021biilor \u00een organele de autoadministrare ale judec\u0103torilor \u015fi procurorilor depun, la Comisie, un chestionar de etic\u0103 completat, declara\u021bi dea proprietate \u015fi interese pentru ultimii cinci ani, precum \u0219i lista persoanelor apropiate, ce activeaz\u0103 sau au activat \u00een ultimii 5 ani \u00een sistemul judec\u0103toresc, al procuraturii \u0219i \u00een serviciul public. \u00cen paralel, Comisia va solicita informa\u021bii despre candida\u021bi de la agen\u021bii guvernamentale, companii private \u015fi b\u0103nci, pentru a formula un tablou general al profilului acestora.<br \/>\n2. Acumularea informa\u021biei \u0219i aprecierea acesteia \u2013 Comisia analizeaz\u0103 \u0219i verific\u0103 informa\u021bia despre activele candida\u021bilor \u0219i rudelor apropiate ale acestora, precum \u0219i veniturile \u0219i cheltuielile. \u00cen temeiul legii, Comisia are acces direct la bazele de date informa\u021bionale, put\u00e2nd acumula singur\u0103 informa\u021bii de la orice persoan\u0103, inclusiv s\u0103 solicite explica\u021bii suplimentare de la candidat.<br \/>\n3. Audierea candida\u021bilor \u00een \u0219edin\u021b\u0103 public\u0103, moment \u00eenregistrat prin mijloace audio\/video.<br \/>\n4. Emiterea deciziilor motivate privind promovarea sau nepromovarea evalu\u0103rii de c\u0103tre candida\u021bi &#8211; \u00cen caz de nepromovare a evalu\u0103rii, persoana nu va putea candida la func\u021bii \u00een organele de autoadministrare a judec\u0103torilor \u0219i procurorilor. Concluziile Comisiei pot servi temei pentru anchete penale contra celor respin\u0219i, dac\u0103 se constat\u0103 discrepan\u021be \u00eentre veniturile declarate \u0219i averea real\u0103.<br \/>\n5. Contestarea deciziei Comisiei de evaluare \u2013 Candida\u021bii descalifica\u021bi pot contesta decizia Comisiei de evaluare \u00een termen de 5 zile de la data recep\u021bion\u0103rii deciziei motivate.&#8221; font_container=&#8221;tag:p|font_size:1.3em|text_align:left&#8221; use_theme_fonts=&#8221;yes&#8221; animation_delay=&#8221;1100&#8243; el_class=&#8221;pb-2 mb-4&#8243;][\/vc_column][\/vc_row][vc_row][vc_column][\/vc_column][\/vc_row]<\/p>","protected":false},"excerpt":{"rendered":"<p>[vc_row wrap_container=&#8221;yes&#8221; el_class=&#8221;custom-bg-pos&#8221; conditional_render=&#8221;%5B%7B%22value_role%22%3A%22administrator%22%7D%5D&#8221; css=&#8221;.vc_custom_1663565567933{padding-top: 60px !important;background-color: #eaeaea !important;background-position: center !important;background-repeat: no-repeat !important;background-size: cover !important;}&#8221;][vc_column][vc_row_inner][vc_column_inner][vc_custom_heading text=&#8221;Comisia Pre-Vetting&#8221; font_container=&#8221;tag:h2|font_size:1.9em|text_align:left|line_height:0.5&#8243; use_theme_fonts=&#8221;yes&#8221; letter_spacing=&#8221;-1px&#8221; animation_delay=&#8221;800&#8243; el_class=&#8221;pb-3 mb-4&#8243;][vc_custom_heading text=&#8221; Creat\u0103 la 4 aprilie 2022, \u00een temeiul Legii nr. 26 din 10.03.2022 privind unele m\u0103suri aferente select\u0103rii candida\u021bilor la func\u021biile de membri \u00een organele de autoadministrare ale judec\u0103torilor \u0219i procurorilor, Comisia [&hellip;]<\/p>\n","protected":false},"author":1,"featured_media":0,"parent":0,"menu_order":0,"comment_status":"closed","ping_status":"closed","template":"","meta":{"footnotes":""},"class_list":["post-708","page","type-page","status-publish","hentry"],"acf":[],"yoast_head":"<!-- This site is optimized with the Yoast SEO plugin v20.11 - https:\/\/yoast.com\/wordpress\/plugins\/seo\/ -->\n<title>Informa\u021bii generale - Comisia \u201ePre-Vetting\u201d<\/title>\n<meta name=\"robots\" content=\"index, follow, max-snippet:-1, max-image-preview:large, max-video-preview:-1\" \/>\n<link rel=\"canonical\" href=\"https:\/\/vetting.md\/prevetting\/?page_id=708&lang=ro\" \/>\n<meta property=\"og:locale\" content=\"ro_RO\" \/>\n<meta property=\"og:type\" content=\"article\" \/>\n<meta property=\"og:title\" content=\"Informa\u021bii generale - Comisia \u201ePre-Vetting\u201d\" \/>\n<meta property=\"og:description\" content=\"[vc_row wrap_container=&#8221;yes&#8221; el_class=&#8221;custom-bg-pos&#8221; conditional_render=&#8221;%5B%7B%22value_role%22%3A%22administrator%22%7D%5D&#8221; css=&#8221;.vc_custom_1663565567933{padding-top: 60px !important;background-color: #eaeaea !important;background-position: center !important;background-repeat: no-repeat !important;background-size: cover !important;}&#8221;][vc_column][vc_row_inner][vc_column_inner][vc_custom_heading text=&#8221;Comisia Pre-Vetting&#8221; font_container=&#8221;tag:h2|font_size:1.9em|text_align:left|line_height:0.5&#8243; use_theme_fonts=&#8221;yes&#8221; letter_spacing=&#8221;-1px&#8221; animation_delay=&#8221;800&#8243; el_class=&#8221;pb-3 mb-4&#8243;][vc_custom_heading text=&#8221; Creat\u0103 la 4 aprilie 2022, \u00een temeiul Legii nr. 26 din 10.03.2022 privind unele m\u0103suri aferente select\u0103rii candida\u021bilor la func\u021biile de membri \u00een organele de autoadministrare ale judec\u0103torilor \u0219i procurorilor, Comisia [&hellip;]\" \/>\n<meta property=\"og:url\" content=\"https:\/\/vetting.md\/prevetting\/?page_id=708&amp;lang=ro\" \/>\n<meta property=\"og:site_name\" content=\"Comisia \u201ePre-Vetting\u201d\" \/>\n<meta property=\"article:publisher\" content=\"https:\/\/www.facebook.com\/ComisiaPreVetting\" \/>\n<meta property=\"article:modified_time\" content=\"2022-10-20T13:50:52+00:00\" \/>\n<meta property=\"og:image\" content=\"https:\/\/vetting.md\/prevetting\/wp-content\/uploads\/2022\/10\/logo-primary.png\" \/>\n\t<meta property=\"og:image:width\" content=\"178\" \/>\n\t<meta property=\"og:image:height\" content=\"187\" \/>\n\t<meta property=\"og:image:type\" content=\"image\/png\" \/>\n<meta name=\"twitter:card\" content=\"summary_large_image\" \/>\n<meta name=\"twitter:label1\" content=\"Timp estimat pentru citire\" \/>\n\t<meta name=\"twitter:data1\" content=\"4 minute\" \/>\n<script type=\"application\/ld+json\" class=\"yoast-schema-graph\">{\"@context\":\"https:\/\/schema.org\",\"@graph\":[{\"@type\":\"WebPage\",\"@id\":\"https:\/\/vetting.md\/prevetting\/?page_id=708&lang=ro\",\"url\":\"https:\/\/vetting.md\/prevetting\/?page_id=708&lang=ro\",\"name\":\"Informa\u021bii generale - Comisia \u201ePre-Vetting\u201d\",\"isPartOf\":{\"@id\":\"https:\/\/vetting.md\/prevetting?lang=ro#website\"},\"datePublished\":\"2022-09-09T09:04:55+00:00\",\"dateModified\":\"2022-10-20T13:50:52+00:00\",\"breadcrumb\":{\"@id\":\"https:\/\/vetting.md\/prevetting\/?page_id=708&lang=ro#breadcrumb\"},\"inLanguage\":\"ro-RO\",\"potentialAction\":[{\"@type\":\"ReadAction\",\"target\":[[\"https:\/\/vetting.md\/prevetting\/?page_id=708&lang=ro\"]]}]},{\"@type\":\"BreadcrumbList\",\"@id\":\"https:\/\/vetting.md\/prevetting\/?page_id=708&lang=ro#breadcrumb\",\"itemListElement\":[{\"@type\":\"ListItem\",\"position\":1,\"name\":\"Home\",\"item\":\"https:\/\/vetting.md\/prevetting\/?lang=ro\"},{\"@type\":\"ListItem\",\"position\":2,\"name\":\"Informa\u021bii generale\"}]},{\"@type\":\"WebSite\",\"@id\":\"https:\/\/vetting.md\/prevetting?lang=ro#website\",\"url\":\"https:\/\/vetting.md\/prevetting?lang=ro\",\"name\":\"Comisia \u201ePre-Vetting\u201d\",\"description\":\"Comisia independent\u0103 de evaluare a integrit\u0103\u021bii candida\u021bilor la func\u021bia de membru \u00een organele de autoadministrare ale judec\u0103torilor \u0219i procurorilor\",\"publisher\":{\"@id\":\"https:\/\/vetting.md\/prevetting?lang=ro#organization\"},\"potentialAction\":[{\"@type\":\"SearchAction\",\"target\":{\"@type\":\"EntryPoint\",\"urlTemplate\":\"https:\/\/vetting.md\/prevetting?lang=ro\"},\"query-input\":\"required name=search_term_string\"}],\"inLanguage\":\"ro-RO\"},{\"@type\":\"Organization\",\"@id\":\"https:\/\/vetting.md\/prevetting?lang=ro#organization\",\"name\":\"Comisia \u201ePre-Vetting\u201d\",\"url\":\"https:\/\/vetting.md\/prevetting?lang=ro\",\"logo\":{\"@type\":\"ImageObject\",\"inLanguage\":\"ro-RO\",\"@id\":\"https:\/\/vetting.md\/prevetting?lang=ro#\/schema\/logo\/image\/\",\"url\":\"https:\/\/vetting.md\/prevetting\/wp-content\/uploads\/2022\/10\/logo-primary.png\",\"contentUrl\":\"https:\/\/vetting.md\/prevetting\/wp-content\/uploads\/2022\/10\/logo-primary.png\",\"width\":178,\"height\":187,\"caption\":\"Comisia \u201ePre-Vetting\u201d\"},\"image\":{\"@id\":\"https:\/\/vetting.md\/prevetting?lang=ro#\/schema\/logo\/image\/\"},\"sameAs\":[\"https:\/\/www.facebook.com\/ComisiaPreVetting\",\"https:\/\/www.youtube.com\/channel\/UC2EHBvtuq2H0EkeR38NCnKQ\"]}]}<\/script>\n<!-- \/ Yoast SEO plugin. -->","yoast_head_json":{"title":"Informa\u021bii generale - Comisia \u201ePre-Vetting\u201d","robots":{"index":"index","follow":"follow","max-snippet":"max-snippet:-1","max-image-preview":"max-image-preview:large","max-video-preview":"max-video-preview:-1"},"canonical":"https:\/\/vetting.md\/prevetting\/?page_id=708&lang=ro","og_locale":"ro_RO","og_type":"article","og_title":"Informa\u021bii generale - Comisia \u201ePre-Vetting\u201d","og_description":"[vc_row wrap_container=&#8221;yes&#8221; el_class=&#8221;custom-bg-pos&#8221; conditional_render=&#8221;%5B%7B%22value_role%22%3A%22administrator%22%7D%5D&#8221; css=&#8221;.vc_custom_1663565567933{padding-top: 60px !important;background-color: #eaeaea !important;background-position: center !important;background-repeat: no-repeat !important;background-size: cover !important;}&#8221;][vc_column][vc_row_inner][vc_column_inner][vc_custom_heading text=&#8221;Comisia Pre-Vetting&#8221; font_container=&#8221;tag:h2|font_size:1.9em|text_align:left|line_height:0.5&#8243; use_theme_fonts=&#8221;yes&#8221; letter_spacing=&#8221;-1px&#8221; animation_delay=&#8221;800&#8243; el_class=&#8221;pb-3 mb-4&#8243;][vc_custom_heading text=&#8221; Creat\u0103 la 4 aprilie 2022, \u00een temeiul Legii nr. 26 din 10.03.2022 privind unele m\u0103suri aferente select\u0103rii candida\u021bilor la func\u021biile de membri \u00een organele de autoadministrare ale judec\u0103torilor \u0219i procurorilor, Comisia [&hellip;]","og_url":"https:\/\/vetting.md\/prevetting\/?page_id=708&lang=ro","og_site_name":"Comisia \u201ePre-Vetting\u201d","article_publisher":"https:\/\/www.facebook.com\/ComisiaPreVetting","article_modified_time":"2022-10-20T13:50:52+00:00","og_image":[{"width":178,"height":187,"url":"https:\/\/vetting.md\/prevetting\/wp-content\/uploads\/2022\/10\/logo-primary.png","type":"image\/png"}],"twitter_card":"summary_large_image","twitter_misc":{"Timp estimat pentru citire":"4 minute"},"schema":{"@context":"https:\/\/schema.org","@graph":[{"@type":"WebPage","@id":"https:\/\/vetting.md\/prevetting\/?page_id=708&lang=ro","url":"https:\/\/vetting.md\/prevetting\/?page_id=708&lang=ro","name":"Informa\u021bii generale - Comisia \u201ePre-Vetting\u201d","isPartOf":{"@id":"https:\/\/vetting.md\/prevetting?lang=ro#website"},"datePublished":"2022-09-09T09:04:55+00:00","dateModified":"2022-10-20T13:50:52+00:00","breadcrumb":{"@id":"https:\/\/vetting.md\/prevetting\/?page_id=708&lang=ro#breadcrumb"},"inLanguage":"ro-RO","potentialAction":[{"@type":"ReadAction","target":[["https:\/\/vetting.md\/prevetting\/?page_id=708&lang=ro"]]}]},{"@type":"BreadcrumbList","@id":"https:\/\/vetting.md\/prevetting\/?page_id=708&lang=ro#breadcrumb","itemListElement":[{"@type":"ListItem","position":1,"name":"Home","item":"https:\/\/vetting.md\/prevetting\/?lang=ro"},{"@type":"ListItem","position":2,"name":"Informa\u021bii generale"}]},{"@type":"WebSite","@id":"https:\/\/vetting.md\/prevetting?lang=ro#website","url":"https:\/\/vetting.md\/prevetting?lang=ro","name":"Comisia \u201ePre-Vetting\u201d","description":"Comisia independent\u0103 de evaluare a integrit\u0103\u021bii candida\u021bilor la func\u021bia de membru \u00een organele de autoadministrare ale judec\u0103torilor \u0219i procurorilor","publisher":{"@id":"https:\/\/vetting.md\/prevetting?lang=ro#organization"},"potentialAction":[{"@type":"SearchAction","target":{"@type":"EntryPoint","urlTemplate":"https:\/\/vetting.md\/prevetting?lang=ro"},"query-input":"required name=search_term_string"}],"inLanguage":"ro-RO"},{"@type":"Organization","@id":"https:\/\/vetting.md\/prevetting?lang=ro#organization","name":"Comisia \u201ePre-Vetting\u201d","url":"https:\/\/vetting.md\/prevetting?lang=ro","logo":{"@type":"ImageObject","inLanguage":"ro-RO","@id":"https:\/\/vetting.md\/prevetting?lang=ro#\/schema\/logo\/image\/","url":"https:\/\/vetting.md\/prevetting\/wp-content\/uploads\/2022\/10\/logo-primary.png","contentUrl":"https:\/\/vetting.md\/prevetting\/wp-content\/uploads\/2022\/10\/logo-primary.png","width":178,"height":187,"caption":"Comisia \u201ePre-Vetting\u201d"},"image":{"@id":"https:\/\/vetting.md\/prevetting?lang=ro#\/schema\/logo\/image\/"},"sameAs":["https:\/\/www.facebook.com\/ComisiaPreVetting","https:\/\/www.youtube.com\/channel\/UC2EHBvtuq2H0EkeR38NCnKQ"]}]}},"_links":{"self":[{"href":"https:\/\/vetting.md\/prevetting?lang=ro%2Findex.php&rest_route=\/wp\/v2\/pages\/708","targetHints":{"allow":["GET"]}}],"collection":[{"href":"https:\/\/vetting.md\/prevetting?lang=ro%2Findex.php&rest_route=\/wp\/v2\/pages"}],"about":[{"href":"https:\/\/vetting.md\/prevetting?lang=ro%2Findex.php&rest_route=\/wp\/v2\/types\/page"}],"author":[{"embeddable":true,"href":"https:\/\/vetting.md\/prevetting?lang=ro%2Findex.php&rest_route=\/wp\/v2\/users\/1"}],"replies":[{"embeddable":true,"href":"https:\/\/vetting.md\/prevetting?lang=ro%2Findex.php&rest_route=%2Fwp%2Fv2%2Fcomments&post=708"}],"version-history":[{"count":78,"href":"https:\/\/vetting.md\/prevetting?lang=ro%2Findex.php&rest_route=\/wp\/v2\/pages\/708\/revisions"}],"predecessor-version":[{"id":2238,"href":"https:\/\/vetting.md\/prevetting?lang=ro%2Findex.php&rest_route=\/wp\/v2\/pages\/708\/revisions\/2238"}],"wp:attachment":[{"href":"https:\/\/vetting.md\/prevetting?lang=ro%2Findex.php&rest_route=%2Fwp%2Fv2%2Fmedia&parent=708"}],"curies":[{"name":"wp","href":"https:\/\/api.w.org\/{rel}","templated":true}]}}