{"id":618,"date":"2022-09-08T05:28:05","date_gmt":"2022-09-08T02:28:05","guid":{"rendered":"https:\/\/vetting.md\/?page_id=618"},"modified":"2022-10-20T17:05:22","modified_gmt":"2022-10-20T14:05:22","slug":"membrii-comisiei","status":"publish","type":"page","link":"https:\/\/vetting.md\/prevetting\/?page_id=618&lang=ro","title":{"rendered":"Membrii"},"content":{"rendered":"<p>[vc_row wrap_container=&#8221;yes&#8221; css=&#8221;.vc_custom_1662878867167{background-color: #eff1f3 !important;}&#8221; conditional_render=&#8221;%5B%7B%22value_role%22%3A%22administrator%22%7D%5D&#8221;][vc_column]<div class=\"porto-members porto-members1kwh wpb_content_element member-carousel member-item wpb_custom_623bb2693d80b667b2afdb1a3b462a5b\">\n\t<div class=\"page-members clearfix\" id=\"porto_members_wzzg\">\n\n\t\t\n\t\t\n\t\t\n\t\t\t\t\t<div class=\"members-container member-row row ccols-wrap ccols-sm-2 ccols-lg-3 ccols-1\">\n\t\t\t\n\t\t<article class=\"member membri post-376 type-member status-publish has-post-thumbnail hentry member_cat-membri\">\n\t\t\t<h3 class=\"entry-title\" style=\"display: none;\">Herman von Hebel<\/h3><span class=\"vcard\" style=\"display: none;\"><span class=\"fn\"><a href=\"https:\/\/vetting.md\/prevetting\/?lang=ro\" title=\"Articole de admin\" rel=\"author\">admin<\/a><\/span><\/span><span class=\"updated\" style=\"display:none\">%2<\/span>\t\t\t<div class=\"member-item \">\n\t\t\t\t<div class=\"thumb-info thumb-info-hide-wrapper-bg\">\n\n\t\t\t\t\t<div class=\"thumb-info-wrapper \">\n\t\t\t\t\t\t\t\t\t\t\t\t<div class=\"thumb-member-container \">\n\t\t\t\t\t\t\t<a class=\"text-decoration-none member-image\" href=\"https:\/\/vetting.md\/prevetting\/?member=herman-von-hebel&lang=ro\">\n\t\t\t\t\t\t\t<img loading=\"lazy\" decoding=\"async\" class=\"img-responsive\" width=\"367\" height=\"367\" src=\"https:\/\/vetting.md\/prevetting\/wp-content\/uploads\/2022\/01\/rsz_rsz_10n3a82200-1-367x367.jpg\" alt=\"\" \/>\n\t\t\t\t\t\t\t<\/a>\n\n\t\t\t\t\t\t\t\t\t\t\t\t\t<\/div>\n\t\t\t\t\t\t<a class=\"text-decoration-none member-info-container\" href=\"https:\/\/vetting.md\/prevetting\/?member=herman-von-hebel&#038;lang=ro\">\n\t\t\t\t\t\t\t\t\t\t\t\t\t\t<span class=\"thumb-info-title\">\n\t\t\t\t\t\t\t\t<span class=\"thumb-info-inner\">Herman von Hebel<\/span>\n\t\t\t\t\t\t\t\t\t\t\t\t\t\t\t<\/span>\n\t\t\t\t\t\t\t\t\t\t\t\t\t\t\t\t\t\t\t\t\t<span class=\"zoom\" data-src=\"https:\/\/vetting.md\/prevetting\/wp-content\/uploads\/2022\/01\/rsz_rsz_10n3a82200-1.jpg\" data-title=\"\"><i class=\"fas fa-search\"><\/i><\/span>\n\t\t\t\t\t\t\t\t\t\t\t\t<\/a>\n\t\t\t\t\t<\/div>\n\t\t\t\t\t<!--Thumb info wrapper end-->\n\t\t\t\t\t<!--Thumb info container -->\n\t\t\t\t\t<div class=\"thumb-info-container\"> \n\t\t\t\t\t\t<a class=\"text-decoration-none member-info-container\" href=\"https:\/\/vetting.md\/prevetting\/?member=herman-von-hebel&lang=ro\">\n\t\t\t\t\t\t\t\t\t\t\t\t\t\t\t\t\t\t<\/a>\n\n\t\t\t\t\t\t\t\t\t\t\t\t\t\t\t\t\t<\/div>\n\t\t\t\t<\/div>\n\t\t\t<\/div>\n\t\t<\/article>\n\t\t\n\t\t<article class=\"member membri post-375 type-member status-publish has-post-thumbnail hentry member_cat-membri\">\n\t\t\t<h3 class=\"entry-title\" style=\"display: none;\">Victoria Henley<\/h3><span class=\"vcard\" style=\"display: none;\"><span class=\"fn\"><a href=\"https:\/\/vetting.md\/prevetting\/?lang=ro\" title=\"Articole de admin\" rel=\"author\">admin<\/a><\/span><\/span><span class=\"updated\" style=\"display:none\">%2<\/span>\t\t\t<div class=\"member-item \">\n\t\t\t\t<div class=\"thumb-info thumb-info-hide-wrapper-bg\">\n\n\t\t\t\t\t<div class=\"thumb-info-wrapper \">\n\t\t\t\t\t\t\t\t\t\t\t\t<div class=\"thumb-member-container \">\n\t\t\t\t\t\t\t<a class=\"text-decoration-none member-image\" href=\"https:\/\/vetting.md\/prevetting\/?member=victoria-henley&lang=ro\">\n\t\t\t\t\t\t\t<img loading=\"lazy\" decoding=\"async\" class=\"img-responsive\" width=\"367\" height=\"367\" src=\"https:\/\/vetting.md\/prevetting\/wp-content\/uploads\/2022\/01\/rsz_victoria_henley-1-367x367.jpg\" alt=\"\" \/>\n\t\t\t\t\t\t\t<\/a>\n\n\t\t\t\t\t\t\t\t\t\t\t\t\t<\/div>\n\t\t\t\t\t\t<a class=\"text-decoration-none member-info-container\" href=\"https:\/\/vetting.md\/prevetting\/?member=victoria-henley&#038;lang=ro\">\n\t\t\t\t\t\t\t\t\t\t\t\t\t\t<span class=\"thumb-info-title\">\n\t\t\t\t\t\t\t\t<span class=\"thumb-info-inner\">Victoria Henley<\/span>\n\t\t\t\t\t\t\t\t\t\t\t\t\t\t\t<\/span>\n\t\t\t\t\t\t\t\t\t\t\t\t\t\t\t\t\t\t\t\t\t<span class=\"zoom\" data-src=\"https:\/\/vetting.md\/prevetting\/wp-content\/uploads\/2022\/01\/rsz_victoria_henley-1.jpg\" data-title=\"\"><i class=\"fas fa-search\"><\/i><\/span>\n\t\t\t\t\t\t\t\t\t\t\t\t<\/a>\n\t\t\t\t\t<\/div>\n\t\t\t\t\t<!--Thumb info wrapper end-->\n\t\t\t\t\t<!--Thumb info container -->\n\t\t\t\t\t<div class=\"thumb-info-container\"> \n\t\t\t\t\t\t<a class=\"text-decoration-none member-info-container\" href=\"https:\/\/vetting.md\/prevetting\/?member=victoria-henley&lang=ro\">\n\t\t\t\t\t\t\t\t\t\t\t\t\t\t\t\t\t\t<\/a>\n\n\t\t\t\t\t\t\t\t\t\t\t\t\t\t\t\t\t<\/div>\n\t\t\t\t<\/div>\n\t\t\t<\/div>\n\t\t<\/article>\n\t\t\n\t\t<article class=\"member membri post-374 type-member status-publish has-post-thumbnail hentry member_cat-membri\">\n\t\t\t<h3 class=\"entry-title\" style=\"display: none;\">Nona Tsotoria<\/h3><span class=\"vcard\" style=\"display: none;\"><span class=\"fn\"><a href=\"https:\/\/vetting.md\/prevetting\/?lang=ro\" title=\"Articole de admin\" rel=\"author\">admin<\/a><\/span><\/span><span class=\"updated\" style=\"display:none\">%2<\/span>\t\t\t<div class=\"member-item \">\n\t\t\t\t<div class=\"thumb-info thumb-info-hide-wrapper-bg\">\n\n\t\t\t\t\t<div class=\"thumb-info-wrapper \">\n\t\t\t\t\t\t\t\t\t\t\t\t<div class=\"thumb-member-container \">\n\t\t\t\t\t\t\t<a class=\"text-decoration-none member-image\" href=\"https:\/\/vetting.md\/prevetting\/?member=nona-tsotoria&lang=ro\">\n\t\t\t\t\t\t\t<img loading=\"lazy\" decoding=\"async\" class=\"img-responsive\" width=\"367\" height=\"367\" src=\"https:\/\/vetting.md\/prevetting\/wp-content\/uploads\/2022\/01\/rsz_nona_tsotsoria-1-367x367.jpg\" alt=\"\" \/>\n\t\t\t\t\t\t\t<\/a>\n\n\t\t\t\t\t\t\t\t\t\t\t\t\t<\/div>\n\t\t\t\t\t\t<a class=\"text-decoration-none member-info-container\" href=\"https:\/\/vetting.md\/prevetting\/?member=nona-tsotoria&#038;lang=ro\">\n\t\t\t\t\t\t\t\t\t\t\t\t\t\t<span class=\"thumb-info-title\">\n\t\t\t\t\t\t\t\t<span class=\"thumb-info-inner\">Nona Tsotoria<\/span>\n\t\t\t\t\t\t\t\t\t\t\t\t\t\t\t<\/span>\n\t\t\t\t\t\t\t\t\t\t\t\t\t\t\t\t\t\t\t\t\t<span class=\"zoom\" data-src=\"https:\/\/vetting.md\/prevetting\/wp-content\/uploads\/2022\/01\/rsz_nona_tsotsoria-1.jpg\" data-title=\"\"><i class=\"fas fa-search\"><\/i><\/span>\n\t\t\t\t\t\t\t\t\t\t\t\t<\/a>\n\t\t\t\t\t<\/div>\n\t\t\t\t\t<!--Thumb info wrapper end-->\n\t\t\t\t\t<!--Thumb info container -->\n\t\t\t\t\t<div class=\"thumb-info-container\"> \n\t\t\t\t\t\t<a class=\"text-decoration-none member-info-container\" href=\"https:\/\/vetting.md\/prevetting\/?member=nona-tsotoria&lang=ro\">\n\t\t\t\t\t\t\t\t\t\t\t\t\t\t\t\t\t\t<\/a>\n\n\t\t\t\t\t\t\t\t\t\t\t\t\t\t\t\t\t<\/div>\n\t\t\t\t<\/div>\n\t\t\t<\/div>\n\t\t<\/article>\n\t\t\n\t\t<article class=\"member membri post-814 type-member status-publish has-post-thumbnail hentry member_cat-membri\">\n\t\t\t<h3 class=\"entry-title\" style=\"display: none;\">Nadejda Hriptievschi<\/h3><span class=\"vcard\" style=\"display: none;\"><span class=\"fn\"><a href=\"https:\/\/vetting.md\/prevetting\/?lang=ro\" title=\"Articole de admin\" rel=\"author\">admin<\/a><\/span><\/span><span class=\"updated\" style=\"display:none\">%2<\/span>\t\t\t<div class=\"member-item \">\n\t\t\t\t<div class=\"thumb-info thumb-info-hide-wrapper-bg\">\n\n\t\t\t\t\t<div class=\"thumb-info-wrapper \">\n\t\t\t\t\t\t\t\t\t\t\t\t<div class=\"thumb-member-container \">\n\t\t\t\t\t\t\t<a class=\"text-decoration-none member-image\" href=\"https:\/\/vetting.md\/prevetting\/?member=nadejda-hriptievschi&lang=ro\">\n\t\t\t\t\t\t\t<img loading=\"lazy\" decoding=\"async\" class=\"img-responsive\" width=\"367\" height=\"367\" src=\"https:\/\/vetting.md\/prevetting\/wp-content\/uploads\/2022\/01\/rsz_hriptievschi-1-367x367.jpg\" alt=\"\" \/>\n\t\t\t\t\t\t\t<\/a>\n\n\t\t\t\t\t\t\t\t\t\t\t\t\t<\/div>\n\t\t\t\t\t\t<a class=\"text-decoration-none member-info-container\" href=\"https:\/\/vetting.md\/prevetting\/?member=nadejda-hriptievschi&#038;lang=ro\">\n\t\t\t\t\t\t\t\t\t\t\t\t\t\t<span class=\"thumb-info-title\">\n\t\t\t\t\t\t\t\t<span class=\"thumb-info-inner\">Nadejda Hriptievschi<\/span>\n\t\t\t\t\t\t\t\t\t\t\t\t\t\t\t<\/span>\n\t\t\t\t\t\t\t\t\t\t\t\t\t\t\t\t\t\t\t\t\t<span class=\"zoom\" data-src=\"https:\/\/vetting.md\/prevetting\/wp-content\/uploads\/2022\/01\/rsz_hriptievschi-1.jpg\" data-title=\"\"><i class=\"fas fa-search\"><\/i><\/span>\n\t\t\t\t\t\t\t\t\t\t\t\t<\/a>\n\t\t\t\t\t<\/div>\n\t\t\t\t\t<!--Thumb info wrapper end-->\n\t\t\t\t\t<!--Thumb info container -->\n\t\t\t\t\t<div class=\"thumb-info-container\"> \n\t\t\t\t\t\t<a class=\"text-decoration-none member-info-container\" href=\"https:\/\/vetting.md\/prevetting\/?member=nadejda-hriptievschi&lang=ro\">\n\t\t\t\t\t\t\t\t\t\t\t\t\t\t\t\t\t\t<\/a>\n\n\t\t\t\t\t\t\t\t\t\t\t\t\t\t\t\t\t<\/div>\n\t\t\t\t<\/div>\n\t\t\t<\/div>\n\t\t<\/article>\n\t\t\n\t\t<article class=\"member membri post-817 type-member status-publish hentry member_cat-membri\">\n\t\t\t<h3 class=\"entry-title\" style=\"display: none;\">Tatiana R\u0103ducanu<\/h3><span class=\"vcard\" style=\"display: none;\"><span class=\"fn\"><a href=\"https:\/\/vetting.md\/prevetting\/?lang=ro\" title=\"Articole de admin\" rel=\"author\">admin<\/a><\/span><\/span><span class=\"updated\" style=\"display:none\">%2<\/span>\t\t\t<div class=\"member-item \">\n\t\t\t\t<div class=\"thumb-info thumb-info-hide-wrapper-bg\">\n\n\t\t\t\t\t<div class=\"thumb-info-wrapper \">\n\t\t\t\t\t\t\t\t\t\t\t\t<div class=\"thumb-member-container \">\n\t\t\t\t\t\t\t<a class=\"text-decoration-none member-image\" href=\"https:\/\/vetting.md\/prevetting\/?member=tatiana-raducanu&lang=ro\">\n\t\t\t\t\t\t\t<img loading=\"lazy\" decoding=\"async\" class=\"img-responsive\" width=\"367\" height=\"367\" src=\"https:\/\/vetting.md\/prevetting\/wp-content\/uploads\/2022\/01\/blurred_tatiana-raducanu-1-367x367-1.jpg\" alt=\"\" \/>\n\t\t\t\t\t\t\t<\/a>\n\n\t\t\t\t\t\t\t\t\t\t\t\t\t<\/div>\n\t\t\t\t\t\t<a class=\"text-decoration-none member-info-container\" href=\"https:\/\/vetting.md\/prevetting\/?member=tatiana-raducanu&#038;lang=ro\">\n\t\t\t\t\t\t\t\t\t\t\t\t\t\t<span class=\"thumb-info-title\">\n\t\t\t\t\t\t\t\t<span class=\"thumb-info-inner\">Tatiana R\u0103ducanu<\/span>\n\t\t\t\t\t\t\t\t\t\t\t\t\t\t\t\t\t<span class=\"thumb-info-type\">04.04.2022 - 16.05.2024<\/span>\n\t\t\t\t\t\t\t\t\t\t\t\t\t\t\t<\/span>\n\t\t\t\t\t\t\t\t\t\t\t\t\t\t\t\t\t\t\t\t\t<span class=\"zoom\" data-src=\"https:\/\/vetting.md\/prevetting\/wp-content\/uploads\/2022\/01\/blurred_tatiana-raducanu-1-367x367-1.jpg\" data-title=\"\"><i class=\"fas fa-search\"><\/i><\/span>\n\t\t\t\t\t\t\t\t\t\t\t\t<\/a>\n\t\t\t\t\t<\/div>\n\t\t\t\t\t<!--Thumb info wrapper end-->\n\t\t\t\t\t<!--Thumb info container -->\n\t\t\t\t\t<div class=\"thumb-info-container\"> \n\t\t\t\t\t\t<a class=\"text-decoration-none member-info-container\" href=\"https:\/\/vetting.md\/prevetting\/?member=tatiana-raducanu&lang=ro\">\n\t\t\t\t\t\t\t\t\t\t\t\t\t\t\t\t\t\t<\/a>\n\n\t\t\t\t\t\t\t\t\t\t\t\t\t\t\t\t\t<\/div>\n\t\t\t\t<\/div>\n\t\t\t<\/div>\n\t\t<\/article>\n\t\t\n\t\t<article class=\"member membri post-825 type-member status-publish has-post-thumbnail hentry member_cat-membri\">\n\t\t\t<h3 class=\"entry-title\" style=\"display: none;\">Vitalie Miron<\/h3><span class=\"vcard\" style=\"display: none;\"><span class=\"fn\"><a href=\"https:\/\/vetting.md\/prevetting\/?lang=ro\" title=\"Articole de admin\" rel=\"author\">admin<\/a><\/span><\/span><span class=\"updated\" style=\"display:none\">%2<\/span>\t\t\t<div class=\"member-item \">\n\t\t\t\t<div class=\"thumb-info thumb-info-hide-wrapper-bg\">\n\n\t\t\t\t\t<div class=\"thumb-info-wrapper \">\n\t\t\t\t\t\t\t\t\t\t\t\t<div class=\"thumb-member-container \">\n\t\t\t\t\t\t\t<a class=\"text-decoration-none member-image\" href=\"https:\/\/vetting.md\/prevetting\/?member=vitalie-miron&lang=ro\">\n\t\t\t\t\t\t\t<img loading=\"lazy\" decoding=\"async\" class=\"img-responsive\" width=\"367\" height=\"367\" src=\"https:\/\/vetting.md\/prevetting\/wp-content\/uploads\/2022\/01\/Vitalie_Miron.jpeg\" alt=\"\" \/>\n\t\t\t\t\t\t\t<\/a>\n\n\t\t\t\t\t\t\t\t\t\t\t\t\t<\/div>\n\t\t\t\t\t\t<a class=\"text-decoration-none member-info-container\" href=\"https:\/\/vetting.md\/prevetting\/?member=vitalie-miron&#038;lang=ro\">\n\t\t\t\t\t\t\t\t\t\t\t\t\t\t<span class=\"thumb-info-title\">\n\t\t\t\t\t\t\t\t<span class=\"thumb-info-inner\">Vitalie Miron<\/span>\n\t\t\t\t\t\t\t\t\t\t\t\t\t\t\t\t\t<span class=\"thumb-info-type\">04.04.2022 - 26.10.2023<\/span>\n\t\t\t\t\t\t\t\t\t\t\t\t\t\t\t<\/span>\n\t\t\t\t\t\t\t\t\t\t\t\t\t\t\t\t\t\t\t\t\t<span class=\"zoom\" data-src=\"https:\/\/vetting.md\/prevetting\/wp-content\/uploads\/2022\/01\/Vitalie_Miron.jpeg\" data-title=\"\"><i class=\"fas fa-search\"><\/i><\/span>\n\t\t\t\t\t\t\t\t\t\t\t\t<\/a>\n\t\t\t\t\t<\/div>\n\t\t\t\t\t<!--Thumb info wrapper end-->\n\t\t\t\t\t<!--Thumb info container -->\n\t\t\t\t\t<div class=\"thumb-info-container\"> \n\t\t\t\t\t\t<a class=\"text-decoration-none member-info-container\" href=\"https:\/\/vetting.md\/prevetting\/?member=vitalie-miron&lang=ro\">\n\t\t\t\t\t\t\t\t\t\t\t\t\t\t\t\t\t\t<\/a>\n\n\t\t\t\t\t\t\t\t\t\t\t\t\t\t\t\t\t<\/div>\n\t\t\t\t<\/div>\n\t\t\t<\/div>\n\t\t<\/article>\n\t\t\t\t\t<\/div>\n\t\t\n\t\t\n\t<\/div>\n\n\t\n\t<\/div>[vc_column_text el_class=&#8221;.text-box&#8221; css=&#8221;.vc_custom_1662879187520{padding-top: 10px !important;padding-right: 10px !important;padding-bottom: 10px !important;padding-left: 20px !important;background-color: #ffffff !important;}&#8221;]\u00cen exercitarea atribu\u021biilor sale, Comisia de evaluare este asistat\u0103 de un Secretariat, care este o structur\u0103 f\u0103r\u0103 personalitate juridic\u0103, format\u0103 ad-hoc, independent\u0103 de orice autoritate public\u0103. Activitatea Secretariatului este coordonat\u0103 de \u0219eful secretariatului, iar \u00een activitatea lor, at\u00e2t \u0219eful secretariatului, c\u00e2t \u0219i angaja\u021bii acestuia nu se subordoneaz\u0103 partenerilor de dezvoltare, fiind independen\u021bi \u00een luarea deciziilor \u0219i se supune exclusiv Comisiei de evaluare \u0219i pre\u0219edintelui acesteia.[\/vc_column_text][vc_empty_space][\/vc_column][\/vc_row]<\/p>","protected":false},"excerpt":{"rendered":"<p>[vc_row wrap_container=&#8221;yes&#8221; css=&#8221;.vc_custom_1662878867167{background-color: #eff1f3 !important;}&#8221; conditional_render=&#8221;%5B%7B%22value_role%22%3A%22administrator%22%7D%5D&#8221;][vc_column][vc_column_text el_class=&#8221;.text-box&#8221; css=&#8221;.vc_custom_1662879187520{padding-top: 10px !important;padding-right: 10px !important;padding-bottom: 10px !important;padding-left: 20px !important;background-color: #ffffff !important;}&#8221;]\u00cen exercitarea atribu\u021biilor sale, Comisia de evaluare este asistat\u0103 de un Secretariat, care este o structur\u0103 f\u0103r\u0103 personalitate juridic\u0103, format\u0103 ad-hoc, independent\u0103 de orice autoritate public\u0103. Activitatea Secretariatului este coordonat\u0103 de \u0219eful secretariatului, iar \u00een activitatea lor, at\u00e2t [&hellip;]<\/p>\n","protected":false},"author":1,"featured_media":0,"parent":0,"menu_order":0,"comment_status":"closed","ping_status":"closed","template":"","meta":{"footnotes":""},"class_list":["post-618","page","type-page","status-publish","hentry"],"acf":[],"yoast_head":"<!-- This site is optimized with the Yoast SEO plugin v20.11 - https:\/\/yoast.com\/wordpress\/plugins\/seo\/ -->\n<title>Membrii - Comisia \u201ePre-Vetting\u201d<\/title>\n<meta name=\"robots\" content=\"index, follow, max-snippet:-1, max-image-preview:large, max-video-preview:-1\" \/>\n<link rel=\"canonical\" href=\"https:\/\/vetting.md\/prevetting\/?page_id=618&lang=ro\" \/>\n<meta property=\"og:locale\" content=\"ro_RO\" \/>\n<meta property=\"og:type\" content=\"article\" \/>\n<meta property=\"og:title\" content=\"Membrii - Comisia \u201ePre-Vetting\u201d\" \/>\n<meta property=\"og:description\" content=\"[vc_row wrap_container=&#8221;yes&#8221; css=&#8221;.vc_custom_1662878867167{background-color: #eff1f3 !important;}&#8221; conditional_render=&#8221;%5B%7B%22value_role%22%3A%22administrator%22%7D%5D&#8221;][vc_column][vc_column_text el_class=&#8221;.text-box&#8221; css=&#8221;.vc_custom_1662879187520{padding-top: 10px !important;padding-right: 10px !important;padding-bottom: 10px !important;padding-left: 20px !important;background-color: #ffffff !important;}&#8221;]\u00cen exercitarea atribu\u021biilor sale, Comisia de evaluare este asistat\u0103 de un Secretariat, care este o structur\u0103 f\u0103r\u0103 personalitate juridic\u0103, format\u0103 ad-hoc, independent\u0103 de orice autoritate public\u0103. Activitatea Secretariatului este coordonat\u0103 de \u0219eful secretariatului, iar \u00een activitatea lor, at\u00e2t [&hellip;]\" \/>\n<meta property=\"og:url\" content=\"https:\/\/vetting.md\/prevetting\/?page_id=618&amp;lang=ro\" \/>\n<meta property=\"og:site_name\" content=\"Comisia \u201ePre-Vetting\u201d\" \/>\n<meta property=\"article:publisher\" content=\"https:\/\/www.facebook.com\/ComisiaPreVetting\" \/>\n<meta property=\"article:modified_time\" content=\"2022-10-20T14:05:22+00:00\" \/>\n<meta property=\"og:image\" content=\"https:\/\/vetting.md\/prevetting\/wp-content\/uploads\/2022\/10\/logo-primary.png\" \/>\n\t<meta property=\"og:image:width\" content=\"178\" \/>\n\t<meta property=\"og:image:height\" content=\"187\" \/>\n\t<meta property=\"og:image:type\" content=\"image\/png\" \/>\n<meta name=\"twitter:card\" content=\"summary_large_image\" \/>\n<meta name=\"twitter:label1\" content=\"Timp estimat pentru citire\" \/>\n\t<meta name=\"twitter:data1\" content=\"1 minut\" \/>\n<script type=\"application\/ld+json\" class=\"yoast-schema-graph\">{\"@context\":\"https:\/\/schema.org\",\"@graph\":[{\"@type\":\"WebPage\",\"@id\":\"https:\/\/vetting.md\/prevetting\/?page_id=618&lang=ro\",\"url\":\"https:\/\/vetting.md\/prevetting\/?page_id=618&lang=ro\",\"name\":\"Membrii - Comisia \u201ePre-Vetting\u201d\",\"isPartOf\":{\"@id\":\"https:\/\/vetting.md\/prevetting?lang=ro#website\"},\"datePublished\":\"2022-09-08T02:28:05+00:00\",\"dateModified\":\"2022-10-20T14:05:22+00:00\",\"breadcrumb\":{\"@id\":\"https:\/\/vetting.md\/prevetting\/?page_id=618&lang=ro#breadcrumb\"},\"inLanguage\":\"ro-RO\",\"potentialAction\":[{\"@type\":\"ReadAction\",\"target\":[[\"https:\/\/vetting.md\/prevetting\/?page_id=618&lang=ro\"]]}]},{\"@type\":\"BreadcrumbList\",\"@id\":\"https:\/\/vetting.md\/prevetting\/?page_id=618&lang=ro#breadcrumb\",\"itemListElement\":[{\"@type\":\"ListItem\",\"position\":1,\"name\":\"Home\",\"item\":\"https:\/\/vetting.md\/prevetting\/?lang=ro\"},{\"@type\":\"ListItem\",\"position\":2,\"name\":\"Membrii\"}]},{\"@type\":\"WebSite\",\"@id\":\"https:\/\/vetting.md\/prevetting?lang=ro#website\",\"url\":\"https:\/\/vetting.md\/prevetting?lang=ro\",\"name\":\"Comisia \u201ePre-Vetting\u201d\",\"description\":\"Comisia independent\u0103 de evaluare a integrit\u0103\u021bii candida\u021bilor la func\u021bia de membru \u00een organele de autoadministrare ale judec\u0103torilor \u0219i procurorilor\",\"publisher\":{\"@id\":\"https:\/\/vetting.md\/prevetting?lang=ro#organization\"},\"potentialAction\":[{\"@type\":\"SearchAction\",\"target\":{\"@type\":\"EntryPoint\",\"urlTemplate\":\"https:\/\/vetting.md\/prevetting?lang=ro\"},\"query-input\":\"required name=search_term_string\"}],\"inLanguage\":\"ro-RO\"},{\"@type\":\"Organization\",\"@id\":\"https:\/\/vetting.md\/prevetting?lang=ro#organization\",\"name\":\"Comisia \u201ePre-Vetting\u201d\",\"url\":\"https:\/\/vetting.md\/prevetting?lang=ro\",\"logo\":{\"@type\":\"ImageObject\",\"inLanguage\":\"ro-RO\",\"@id\":\"https:\/\/vetting.md\/prevetting?lang=ro#\/schema\/logo\/image\/\",\"url\":\"https:\/\/vetting.md\/prevetting\/wp-content\/uploads\/2022\/10\/logo-primary.png\",\"contentUrl\":\"https:\/\/vetting.md\/prevetting\/wp-content\/uploads\/2022\/10\/logo-primary.png\",\"width\":178,\"height\":187,\"caption\":\"Comisia \u201ePre-Vetting\u201d\"},\"image\":{\"@id\":\"https:\/\/vetting.md\/prevetting?lang=ro#\/schema\/logo\/image\/\"},\"sameAs\":[\"https:\/\/www.facebook.com\/ComisiaPreVetting\",\"https:\/\/www.youtube.com\/channel\/UC2EHBvtuq2H0EkeR38NCnKQ\"]}]}<\/script>\n<!-- \/ Yoast SEO plugin. -->","yoast_head_json":{"title":"Membrii - Comisia \u201ePre-Vetting\u201d","robots":{"index":"index","follow":"follow","max-snippet":"max-snippet:-1","max-image-preview":"max-image-preview:large","max-video-preview":"max-video-preview:-1"},"canonical":"https:\/\/vetting.md\/prevetting\/?page_id=618&lang=ro","og_locale":"ro_RO","og_type":"article","og_title":"Membrii - Comisia \u201ePre-Vetting\u201d","og_description":"[vc_row wrap_container=&#8221;yes&#8221; css=&#8221;.vc_custom_1662878867167{background-color: #eff1f3 !important;}&#8221; conditional_render=&#8221;%5B%7B%22value_role%22%3A%22administrator%22%7D%5D&#8221;][vc_column][vc_column_text el_class=&#8221;.text-box&#8221; css=&#8221;.vc_custom_1662879187520{padding-top: 10px !important;padding-right: 10px !important;padding-bottom: 10px !important;padding-left: 20px !important;background-color: #ffffff !important;}&#8221;]\u00cen exercitarea atribu\u021biilor sale, Comisia de evaluare este asistat\u0103 de un Secretariat, care este o structur\u0103 f\u0103r\u0103 personalitate juridic\u0103, format\u0103 ad-hoc, independent\u0103 de orice autoritate public\u0103. Activitatea Secretariatului este coordonat\u0103 de \u0219eful secretariatului, iar \u00een activitatea lor, at\u00e2t [&hellip;]","og_url":"https:\/\/vetting.md\/prevetting\/?page_id=618&lang=ro","og_site_name":"Comisia \u201ePre-Vetting\u201d","article_publisher":"https:\/\/www.facebook.com\/ComisiaPreVetting","article_modified_time":"2022-10-20T14:05:22+00:00","og_image":[{"width":178,"height":187,"url":"https:\/\/vetting.md\/prevetting\/wp-content\/uploads\/2022\/10\/logo-primary.png","type":"image\/png"}],"twitter_card":"summary_large_image","twitter_misc":{"Timp estimat pentru citire":"1 minut"},"schema":{"@context":"https:\/\/schema.org","@graph":[{"@type":"WebPage","@id":"https:\/\/vetting.md\/prevetting\/?page_id=618&lang=ro","url":"https:\/\/vetting.md\/prevetting\/?page_id=618&lang=ro","name":"Membrii - Comisia \u201ePre-Vetting\u201d","isPartOf":{"@id":"https:\/\/vetting.md\/prevetting?lang=ro#website"},"datePublished":"2022-09-08T02:28:05+00:00","dateModified":"2022-10-20T14:05:22+00:00","breadcrumb":{"@id":"https:\/\/vetting.md\/prevetting\/?page_id=618&lang=ro#breadcrumb"},"inLanguage":"ro-RO","potentialAction":[{"@type":"ReadAction","target":[["https:\/\/vetting.md\/prevetting\/?page_id=618&lang=ro"]]}]},{"@type":"BreadcrumbList","@id":"https:\/\/vetting.md\/prevetting\/?page_id=618&lang=ro#breadcrumb","itemListElement":[{"@type":"ListItem","position":1,"name":"Home","item":"https:\/\/vetting.md\/prevetting\/?lang=ro"},{"@type":"ListItem","position":2,"name":"Membrii"}]},{"@type":"WebSite","@id":"https:\/\/vetting.md\/prevetting?lang=ro#website","url":"https:\/\/vetting.md\/prevetting?lang=ro","name":"Comisia \u201ePre-Vetting\u201d","description":"Comisia independent\u0103 de evaluare a integrit\u0103\u021bii candida\u021bilor la func\u021bia de membru \u00een organele de autoadministrare ale judec\u0103torilor \u0219i procurorilor","publisher":{"@id":"https:\/\/vetting.md\/prevetting?lang=ro#organization"},"potentialAction":[{"@type":"SearchAction","target":{"@type":"EntryPoint","urlTemplate":"https:\/\/vetting.md\/prevetting?lang=ro"},"query-input":"required name=search_term_string"}],"inLanguage":"ro-RO"},{"@type":"Organization","@id":"https:\/\/vetting.md\/prevetting?lang=ro#organization","name":"Comisia \u201ePre-Vetting\u201d","url":"https:\/\/vetting.md\/prevetting?lang=ro","logo":{"@type":"ImageObject","inLanguage":"ro-RO","@id":"https:\/\/vetting.md\/prevetting?lang=ro#\/schema\/logo\/image\/","url":"https:\/\/vetting.md\/prevetting\/wp-content\/uploads\/2022\/10\/logo-primary.png","contentUrl":"https:\/\/vetting.md\/prevetting\/wp-content\/uploads\/2022\/10\/logo-primary.png","width":178,"height":187,"caption":"Comisia \u201ePre-Vetting\u201d"},"image":{"@id":"https:\/\/vetting.md\/prevetting?lang=ro#\/schema\/logo\/image\/"},"sameAs":["https:\/\/www.facebook.com\/ComisiaPreVetting","https:\/\/www.youtube.com\/channel\/UC2EHBvtuq2H0EkeR38NCnKQ"]}]}},"_links":{"self":[{"href":"https:\/\/vetting.md\/prevetting?lang=ro%2Findex.php&rest_route=\/wp\/v2\/pages\/618","targetHints":{"allow":["GET"]}}],"collection":[{"href":"https:\/\/vetting.md\/prevetting?lang=ro%2Findex.php&rest_route=\/wp\/v2\/pages"}],"about":[{"href":"https:\/\/vetting.md\/prevetting?lang=ro%2Findex.php&rest_route=\/wp\/v2\/types\/page"}],"author":[{"embeddable":true,"href":"https:\/\/vetting.md\/prevetting?lang=ro%2Findex.php&rest_route=\/wp\/v2\/users\/1"}],"replies":[{"embeddable":true,"href":"https:\/\/vetting.md\/prevetting?lang=ro%2Findex.php&rest_route=%2Fwp%2Fv2%2Fcomments&post=618"}],"version-history":[{"count":43,"href":"https:\/\/vetting.md\/prevetting?lang=ro%2Findex.php&rest_route=\/wp\/v2\/pages\/618\/revisions"}],"predecessor-version":[{"id":2250,"href":"https:\/\/vetting.md\/prevetting?lang=ro%2Findex.php&rest_route=\/wp\/v2\/pages\/618\/revisions\/2250"}],"wp:attachment":[{"href":"https:\/\/vetting.md\/prevetting?lang=ro%2Findex.php&rest_route=%2Fwp%2Fv2%2Fmedia&parent=618"}],"curies":[{"name":"wp","href":"https:\/\/api.w.org\/{rel}","templated":true}]}}