{"id":902,"date":"2022-09-12T09:52:53","date_gmt":"2022-09-12T09:52:53","guid":{"rendered":"https:\/\/vetting.md\/?page_id=902"},"modified":"2026-02-10T13:19:21","modified_gmt":"2026-02-10T11:19:21","slug":"regulamente","status":"publish","type":"page","link":"https:\/\/vetting.md\/prevetting\/?page_id=902&lang=ro","title":{"rendered":"Regulamente interne"},"content":{"rendered":"<p><\/p>\n<p>[vc_row wrap_container=&#8221;yes&#8221; conditional_render=&#8221;%5B%7B%22value_role%22%3A%22administrator%22%7D%5D&#8221;][vc_column][vc_empty_space height=&#8221;50px&#8221;]<a class=\"porto-sicon-box-link\" href=\"https:\/\/vetting.md\/prevetting\/wp-content\/uploads\/2026\/02\/2025.11-Raport-final-mandat-CPV-public.pdf\"><div class=\"porto-sicon-box  wpb_custom_1efe903570d178ff0a9b7bfa5febd3a4 style_2 default-icon\"><div class=\"porto-sicon-default\"><div id=\"porto-icon-168816413969dfd07fc74df\" class=\"porto-just-icon-wrapper porto-sicon-img\" style=\"font-size: 48px;\"><img loading=\"lazy\" decoding=\"async\" class=\"img-icon\" alt=\"\" src=\"https:\/\/vetting.md\/prevetting\/wp-content\/uploads\/2022\/09\/pdf.png\" width=\"512\" height=\"512\" \/><\/div><\/div><div class=\"porto-sicon-header\"><h3 class=\"porto-sicon-title\" style=\"\">Raportul la final de mandat al Comisiei independente de evaluare a integrit\u0103\u021bii candida\u021bilor la func\u021bia de membru \u00een organele de autoadministrare ale judec\u0103torilor \u0219i procurorilor <\/h3><p>Descarc\u0103<\/p><\/div> <!-- header --><\/div><!-- porto-sicon-box --><\/a>[vc_separator]<a class=\"porto-sicon-box-link\" href=\"https:\/\/vetting.md\/prevetting\/wp-content\/uploads\/2025\/11\/CPV-Instructiune-radiere-materiale_modificat_13.11.2025.pdf\" target='_blank'><div class=\"porto-sicon-box  wpb_custom_1efe903570d178ff0a9b7bfa5febd3a4 style_2 default-icon flex-wrap\"><div class=\"porto-sicon-default\"><div id=\"porto-icon-29095296769dfd07fc8471\" class=\"porto-just-icon-wrapper porto-sicon-img\" style=\"font-size: 48px;\"><img loading=\"lazy\" decoding=\"async\" class=\"img-icon\" alt=\"\" src=\"https:\/\/vetting.md\/prevetting\/wp-content\/uploads\/2022\/09\/pdf.png\" width=\"512\" height=\"512\" \/><\/div><\/div><div class=\"porto-sicon-header\"><h3 class=\"porto-sicon-title\" style=\"\">Instruc\u021biune privind radierea \u0219i distrugerea informa\u021biei acumulate de c\u0103tre Comisia independent\u0103 de evaluare a integrit\u0103\u021bii candida\u021bilor la func\u021bia de membru \u00een organele de autoadministrare ale judec\u0103torilor \u0219i procurorilor<\/h3><p>Descarc\u0103<\/p><\/div> <!-- header --><div class=\"porto-sicon-description\" style=\"\">\n<p><span style=\"color: #000000;\">Adoptat\u0103 pe 26 mai 2025, modificat\u0103 pe 13 noiembrie 2025<\/span><\/p>\n<p><\/div> <!-- description --><\/div><!-- porto-sicon-box --><\/a>[vc_separator align=&#8221;align_left&#8221;]<a class=\"porto-sicon-box-link\" href=\"https:\/\/vetting.md\/prevetting\/wp-content\/uploads\/2025\/07\/CPV-Instructiune-radiere-materiale_26.05.2025.pdf\" target='_blank'><div class=\"porto-sicon-box  wpb_custom_1efe903570d178ff0a9b7bfa5febd3a4 style_2 default-icon\"><div class=\"porto-sicon-default\"><div id=\"porto-icon-155308298169dfd07fc93f1\" class=\"porto-just-icon-wrapper porto-sicon-img\" style=\"font-size: 50px;\"><img loading=\"lazy\" decoding=\"async\" class=\"img-icon\" alt=\"\" src=\"https:\/\/vetting.md\/prevetting\/wp-content\/uploads\/2022\/09\/pdf.png\" width=\"512\" height=\"512\" \/><\/div><\/div><div class=\"porto-sicon-header\"><h3 class=\"porto-sicon-title\" style=\"\">Instruc\u021biune privind radierea \u0219i distrugerea informa\u021biei acumulate de c\u0103tre Comisia independent\u0103 de evaluare a integrit\u0103\u021bii candida\u021bilor la func\u021bia de membru \u00een organele de autoadministrare ale judec\u0103torilor \u0219i procurorilor<\/h3><p>Descarc\u0103<\/p><\/div> <!-- header --><\/div><!-- porto-sicon-box --><\/a>[vc_separator align=&#8221;align_left&#8221;]<a class=\"porto-sicon-box-link\" href=\"https:\/\/vetting.md\/prevetting\/wp-content\/uploads\/2025\/01\/PVC-RoP_ROM_amended_12.2024.pdf\" target='_blank'><div class=\"porto-sicon-box  wpb_custom_1efe903570d178ff0a9b7bfa5febd3a4 style_2 default-icon\"><div class=\"porto-sicon-default\"><div id=\"porto-icon-209418229869dfd07fd1426\" class=\"porto-just-icon-wrapper porto-sicon-img\" style=\"font-size: 50px;\"><img loading=\"lazy\" decoding=\"async\" class=\"img-icon\" alt=\"\" src=\"https:\/\/vetting.md\/prevetting\/wp-content\/uploads\/2022\/09\/pdf.png\" width=\"512\" height=\"512\" \/><\/div><\/div><div class=\"porto-sicon-header\"><h3 class=\"porto-sicon-title\" style=\"\">Regulamentul de organizare \u015fi func\u0163ionare al Comisiei independente de evaluare a integrit\u0103\u021bii candida\u021bilor la func\u021bia de membru \u00een organele de autoadministrare ale judec\u0103torilor \u0219i procurorilor, \u00een conformitate cu Legea nr. 26\/2022<\/h3><p>Descarc\u0103<\/p><\/div> <!-- header --><\/div><!-- porto-sicon-box --><\/a>[vc_separator align=&#8221;align_left&#8221;]<a class=\"porto-sicon-box-link\" href=\"https:\/\/vetting.md\/wp-content\/uploads\/2023\/09\/EvalRules_ROM_amended_09.2023.pdf\" target='_blank'><div class=\"porto-sicon-box  wpb_custom_1efe903570d178ff0a9b7bfa5febd3a4 style_2 default-icon\"><div class=\"porto-sicon-default\"><div id=\"porto-icon-47828614769dfd07fe8beb\" class=\"porto-just-icon-wrapper porto-sicon-img\" style=\"font-size: 50px;\"><img loading=\"lazy\" decoding=\"async\" class=\"img-icon\" alt=\"\" src=\"https:\/\/vetting.md\/prevetting\/wp-content\/uploads\/2022\/09\/pdf.png\" width=\"512\" height=\"512\" \/><\/div><\/div><div class=\"porto-sicon-header\"><h3 class=\"porto-sicon-title\" style=\"\">Regulamentul de evaluare al Comisiei independente de evaluare a integrit\u0103\u021bii candida\u021bilor la func\u0163ia de membru \u00een organele de autoadministrare ale judec\u0103torilor \u0219i procurorilor, \u00een temeiul Legii nr. 26\/2022<\/h3><p>Descarc\u0103<\/p><\/div> <!-- header --><\/div><!-- porto-sicon-box --><\/a>[vc_separator align=&#8221;align_left&#8221;]<a class=\"porto-sicon-box-link\" href=\"https:\/\/vetting.md\/wp-content\/uploads\/2023\/01\/Regulament-ANI-completare-declaratii-avere.pdf\" target='_blank'><div class=\"porto-sicon-box  wpb_custom_1efe903570d178ff0a9b7bfa5febd3a4 style_2 default-icon\"><div class=\"porto-sicon-default\"><div id=\"porto-icon-187193547869dfd07fe9ffd\" class=\"porto-just-icon-wrapper porto-sicon-img\" style=\"font-size: 50px;\"><img loading=\"lazy\" decoding=\"async\" class=\"img-icon\" alt=\"\" src=\"https:\/\/vetting.md\/prevetting\/wp-content\/uploads\/2022\/09\/pdf.png\" width=\"512\" height=\"512\" \/><\/div><\/div><div class=\"porto-sicon-header\"><h3 class=\"porto-sicon-title\" style=\"\">Regulamentul ANI privind modul de completare a declara\u021biei de avere \u0219i interese \u00een format electronic<\/h3><p>Descarc\u0103<\/p><\/div> <!-- header --><\/div><!-- porto-sicon-box --><\/a>[vc_separator align=&#8221;align_left&#8221;][\/vc_column][\/vc_row]<\/p>\n<p><\/p>","protected":false},"excerpt":{"rendered":"<p>[vc_row wrap_container=&#8221;yes&#8221; conditional_render=&#8221;%5B%7B%22value_role%22%3A%22administrator%22%7D%5D&#8221;][vc_column][vc_empty_space height=&#8221;50px&#8221;][vc_separator][vc_separator align=&#8221;align_left&#8221;][vc_separator align=&#8221;align_left&#8221;][vc_separator align=&#8221;align_left&#8221;][vc_separator align=&#8221;align_left&#8221;][vc_separator align=&#8221;align_left&#8221;][\/vc_column][\/vc_row]<\/p>\n","protected":false},"author":1,"featured_media":0,"parent":0,"menu_order":0,"comment_status":"closed","ping_status":"closed","template":"","meta":{"footnotes":""},"class_list":["post-902","page","type-page","status-publish","hentry"],"acf":[],"yoast_head":"<!-- This site is optimized with the Yoast SEO plugin v20.11 - https:\/\/yoast.com\/wordpress\/plugins\/seo\/ -->\n<title>Regulamente interne - Comisia \u201ePre-Vetting\u201d<\/title>\n<meta name=\"robots\" content=\"index, follow, max-snippet:-1, max-image-preview:large, max-video-preview:-1\" \/>\n<link rel=\"canonical\" href=\"https:\/\/vetting.md\/prevetting\/?page_id=902&lang=ro\" \/>\n<meta property=\"og:locale\" content=\"ro_RO\" \/>\n<meta property=\"og:type\" content=\"article\" \/>\n<meta property=\"og:title\" content=\"Regulamente interne - Comisia \u201ePre-Vetting\u201d\" \/>\n<meta property=\"og:description\" content=\"[vc_row wrap_container=&#8221;yes&#8221; conditional_render=&#8221;%5B%7B%22value_role%22%3A%22administrator%22%7D%5D&#8221;][vc_column][vc_empty_space height=&#8221;50px&#8221;][vc_separator][vc_separator align=&#8221;align_left&#8221;][vc_separator align=&#8221;align_left&#8221;][vc_separator align=&#8221;align_left&#8221;][vc_separator align=&#8221;align_left&#8221;][vc_separator align=&#8221;align_left&#8221;][\/vc_column][\/vc_row]\" \/>\n<meta property=\"og:url\" content=\"https:\/\/vetting.md\/prevetting\/?page_id=902&amp;lang=ro\" \/>\n<meta property=\"og:site_name\" content=\"Comisia \u201ePre-Vetting\u201d\" \/>\n<meta property=\"article:publisher\" content=\"https:\/\/www.facebook.com\/ComisiaPreVetting\" \/>\n<meta property=\"article:modified_time\" content=\"2026-02-10T11:19:21+00:00\" \/>\n<meta property=\"og:image\" content=\"https:\/\/vetting.md\/prevetting\/wp-content\/uploads\/2022\/10\/logo-primary.png\" \/>\n\t<meta property=\"og:image:width\" content=\"178\" \/>\n\t<meta property=\"og:image:height\" content=\"187\" \/>\n\t<meta property=\"og:image:type\" content=\"image\/png\" \/>\n<meta name=\"twitter:card\" content=\"summary_large_image\" \/>\n<meta name=\"twitter:label1\" content=\"Timp estimat pentru citire\" \/>\n\t<meta name=\"twitter:data1\" content=\"2 minute\" \/>\n<script type=\"application\/ld+json\" class=\"yoast-schema-graph\">{\"@context\":\"https:\/\/schema.org\",\"@graph\":[{\"@type\":\"WebPage\",\"@id\":\"https:\/\/vetting.md\/prevetting\/?page_id=902&lang=ro\",\"url\":\"https:\/\/vetting.md\/prevetting\/?page_id=902&lang=ro\",\"name\":\"Regulamente interne - Comisia \u201ePre-Vetting\u201d\",\"isPartOf\":{\"@id\":\"https:\/\/vetting.md\/prevetting?lang=ro#website\"},\"datePublished\":\"2022-09-12T09:52:53+00:00\",\"dateModified\":\"2026-02-10T11:19:21+00:00\",\"breadcrumb\":{\"@id\":\"https:\/\/vetting.md\/prevetting\/?page_id=902&lang=ro#breadcrumb\"},\"inLanguage\":\"ro-RO\",\"potentialAction\":[{\"@type\":\"ReadAction\",\"target\":[[\"https:\/\/vetting.md\/prevetting\/?page_id=902&lang=ro\"]]}]},{\"@type\":\"BreadcrumbList\",\"@id\":\"https:\/\/vetting.md\/prevetting\/?page_id=902&lang=ro#breadcrumb\",\"itemListElement\":[{\"@type\":\"ListItem\",\"position\":1,\"name\":\"Home\",\"item\":\"https:\/\/vetting.md\/prevetting\/?lang=ro\"},{\"@type\":\"ListItem\",\"position\":2,\"name\":\"Regulamente interne\"}]},{\"@type\":\"WebSite\",\"@id\":\"https:\/\/vetting.md\/prevetting?lang=ro#website\",\"url\":\"https:\/\/vetting.md\/prevetting?lang=ro\",\"name\":\"Comisia \u201ePre-Vetting\u201d\",\"description\":\"Comisia independent\u0103 de evaluare a integrit\u0103\u021bii candida\u021bilor la func\u021bia de membru \u00een organele de autoadministrare ale judec\u0103torilor \u0219i procurorilor\",\"publisher\":{\"@id\":\"https:\/\/vetting.md\/prevetting?lang=ro#organization\"},\"potentialAction\":[{\"@type\":\"SearchAction\",\"target\":{\"@type\":\"EntryPoint\",\"urlTemplate\":\"https:\/\/vetting.md\/prevetting?lang=ro\"},\"query-input\":\"required name=search_term_string\"}],\"inLanguage\":\"ro-RO\"},{\"@type\":\"Organization\",\"@id\":\"https:\/\/vetting.md\/prevetting?lang=ro#organization\",\"name\":\"Comisia \u201ePre-Vetting\u201d\",\"url\":\"https:\/\/vetting.md\/prevetting?lang=ro\",\"logo\":{\"@type\":\"ImageObject\",\"inLanguage\":\"ro-RO\",\"@id\":\"https:\/\/vetting.md\/prevetting?lang=ro#\/schema\/logo\/image\/\",\"url\":\"https:\/\/vetting.md\/prevetting\/wp-content\/uploads\/2022\/10\/logo-primary.png\",\"contentUrl\":\"https:\/\/vetting.md\/prevetting\/wp-content\/uploads\/2022\/10\/logo-primary.png\",\"width\":178,\"height\":187,\"caption\":\"Comisia \u201ePre-Vetting\u201d\"},\"image\":{\"@id\":\"https:\/\/vetting.md\/prevetting?lang=ro#\/schema\/logo\/image\/\"},\"sameAs\":[\"https:\/\/www.facebook.com\/ComisiaPreVetting\",\"https:\/\/www.youtube.com\/channel\/UC2EHBvtuq2H0EkeR38NCnKQ\"]}]}<\/script>\n<!-- \/ Yoast SEO plugin. -->","yoast_head_json":{"title":"Regulamente interne - Comisia \u201ePre-Vetting\u201d","robots":{"index":"index","follow":"follow","max-snippet":"max-snippet:-1","max-image-preview":"max-image-preview:large","max-video-preview":"max-video-preview:-1"},"canonical":"https:\/\/vetting.md\/prevetting\/?page_id=902&lang=ro","og_locale":"ro_RO","og_type":"article","og_title":"Regulamente interne - Comisia \u201ePre-Vetting\u201d","og_description":"[vc_row wrap_container=&#8221;yes&#8221; conditional_render=&#8221;%5B%7B%22value_role%22%3A%22administrator%22%7D%5D&#8221;][vc_column][vc_empty_space height=&#8221;50px&#8221;][vc_separator][vc_separator align=&#8221;align_left&#8221;][vc_separator align=&#8221;align_left&#8221;][vc_separator align=&#8221;align_left&#8221;][vc_separator align=&#8221;align_left&#8221;][vc_separator align=&#8221;align_left&#8221;][\/vc_column][\/vc_row]","og_url":"https:\/\/vetting.md\/prevetting\/?page_id=902&lang=ro","og_site_name":"Comisia \u201ePre-Vetting\u201d","article_publisher":"https:\/\/www.facebook.com\/ComisiaPreVetting","article_modified_time":"2026-02-10T11:19:21+00:00","og_image":[{"width":178,"height":187,"url":"https:\/\/vetting.md\/prevetting\/wp-content\/uploads\/2022\/10\/logo-primary.png","type":"image\/png"}],"twitter_card":"summary_large_image","twitter_misc":{"Timp estimat pentru citire":"2 minute"},"schema":{"@context":"https:\/\/schema.org","@graph":[{"@type":"WebPage","@id":"https:\/\/vetting.md\/prevetting\/?page_id=902&lang=ro","url":"https:\/\/vetting.md\/prevetting\/?page_id=902&lang=ro","name":"Regulamente interne - Comisia \u201ePre-Vetting\u201d","isPartOf":{"@id":"https:\/\/vetting.md\/prevetting?lang=ro#website"},"datePublished":"2022-09-12T09:52:53+00:00","dateModified":"2026-02-10T11:19:21+00:00","breadcrumb":{"@id":"https:\/\/vetting.md\/prevetting\/?page_id=902&lang=ro#breadcrumb"},"inLanguage":"ro-RO","potentialAction":[{"@type":"ReadAction","target":[["https:\/\/vetting.md\/prevetting\/?page_id=902&lang=ro"]]}]},{"@type":"BreadcrumbList","@id":"https:\/\/vetting.md\/prevetting\/?page_id=902&lang=ro#breadcrumb","itemListElement":[{"@type":"ListItem","position":1,"name":"Home","item":"https:\/\/vetting.md\/prevetting\/?lang=ro"},{"@type":"ListItem","position":2,"name":"Regulamente interne"}]},{"@type":"WebSite","@id":"https:\/\/vetting.md\/prevetting?lang=ro#website","url":"https:\/\/vetting.md\/prevetting?lang=ro","name":"Comisia \u201ePre-Vetting\u201d","description":"Comisia independent\u0103 de evaluare a integrit\u0103\u021bii candida\u021bilor la func\u021bia de membru \u00een organele de autoadministrare ale judec\u0103torilor \u0219i procurorilor","publisher":{"@id":"https:\/\/vetting.md\/prevetting?lang=ro#organization"},"potentialAction":[{"@type":"SearchAction","target":{"@type":"EntryPoint","urlTemplate":"https:\/\/vetting.md\/prevetting?lang=ro"},"query-input":"required name=search_term_string"}],"inLanguage":"ro-RO"},{"@type":"Organization","@id":"https:\/\/vetting.md\/prevetting?lang=ro#organization","name":"Comisia \u201ePre-Vetting\u201d","url":"https:\/\/vetting.md\/prevetting?lang=ro","logo":{"@type":"ImageObject","inLanguage":"ro-RO","@id":"https:\/\/vetting.md\/prevetting?lang=ro#\/schema\/logo\/image\/","url":"https:\/\/vetting.md\/prevetting\/wp-content\/uploads\/2022\/10\/logo-primary.png","contentUrl":"https:\/\/vetting.md\/prevetting\/wp-content\/uploads\/2022\/10\/logo-primary.png","width":178,"height":187,"caption":"Comisia \u201ePre-Vetting\u201d"},"image":{"@id":"https:\/\/vetting.md\/prevetting?lang=ro#\/schema\/logo\/image\/"},"sameAs":["https:\/\/www.facebook.com\/ComisiaPreVetting","https:\/\/www.youtube.com\/channel\/UC2EHBvtuq2H0EkeR38NCnKQ"]}]}},"_links":{"self":[{"href":"https:\/\/vetting.md\/prevetting?lang=ro%2Findex.php&rest_route=\/wp\/v2\/pages\/902","targetHints":{"allow":["GET"]}}],"collection":[{"href":"https:\/\/vetting.md\/prevetting?lang=ro%2Findex.php&rest_route=\/wp\/v2\/pages"}],"about":[{"href":"https:\/\/vetting.md\/prevetting?lang=ro%2Findex.php&rest_route=\/wp\/v2\/types\/page"}],"author":[{"embeddable":true,"href":"https:\/\/vetting.md\/prevetting?lang=ro%2Findex.php&rest_route=\/wp\/v2\/users\/1"}],"replies":[{"embeddable":true,"href":"https:\/\/vetting.md\/prevetting?lang=ro%2Findex.php&rest_route=%2Fwp%2Fv2%2Fcomments&post=902"}],"version-history":[{"count":64,"href":"https:\/\/vetting.md\/prevetting?lang=ro%2Findex.php&rest_route=\/wp\/v2\/pages\/902\/revisions"}],"predecessor-version":[{"id":4932,"href":"https:\/\/vetting.md\/prevetting?lang=ro%2Findex.php&rest_route=\/wp\/v2\/pages\/902\/revisions\/4932"}],"wp:attachment":[{"href":"https:\/\/vetting.md\/prevetting?lang=ro%2Findex.php&rest_route=%2Fwp%2Fv2%2Fmedia&parent=902"}],"curies":[{"name":"wp","href":"https:\/\/api.w.org\/{rel}","templated":true}]}}