{"id":628,"date":"2022-09-08T05:31:39","date_gmt":"2022-09-08T05:31:39","guid":{"rendered":"https:\/\/vetting.md\/?page_id=628"},"modified":"2023-03-09T10:42:03","modified_gmt":"2023-03-09T08:42:03","slug":"audieri","status":"publish","type":"page","link":"https:\/\/vetting.md\/prevetting\/?page_id=628&lang=ro","title":{"rendered":"Audieri"},"content":{"rendered":"<p>[vc_row wrap_container=&#8221;yes&#8221; conditional_render=&#8221;%5B%7B%22value_role%22%3A%22administrator%22%7D%5D&#8221;][vc_column][vc_empty_space height=&#8221;50px&#8221;]<div id=\"porto-blog-3909\" class=\"porto-blog wpb_content_element   wpb_custom_9c745ac33a8bb4820cfc6b89805915cc\">\t\t<div class=\"blog-posts posts-grid\">\n\t\t\t<div class=\"posts-container row\">\n\t\t\n<article class=\"post post-grid col-md-6 col-lg-4 post-title-simple post-4448 post type-post status-publish format-standard hentry category-audieri\">\n\t<div class=\"grid-box\">\n\t\t\t<div class=\"post-image single\">\n\t\t<div class=\"img-thumbnail fit-video\">\n\t\t\t<iframe loading=\"lazy\" width=\"560\" height=\"315\" src=\"https:\/\/www.youtube.com\/embed\/XCPJLzeHl2Y?si=rtrxnGs8rFT30Tog\" title=\"YouTube video player\" frameborder=\"0\" allow=\"accelerometer; autoplay; clipboard-write; encrypted-media; gyroscope; picture-in-picture; web-share\" referrerpolicy=\"strict-origin-when-cross-origin\" allowfullscreen><\/iframe>\t\t<\/div>\n\t\t\n\t\t\t<\/div>\n\n\t\t<!-- Post meta before content -->\n\t\t<div class=\"post-meta\"><span class=\"meta-date\"><i class=\"far fa-calendar-alt\"><\/i>17 iul. 2024<\/span><\/div><div class=\"post-meta\"><span class=\"meta-cats\"><i class=\"far fa-folder\"><\/i><a href=\"https:\/\/vetting.md\/prevetting\/?cat=35&#038;lang=ro\" rel=\"category\">Audieri<\/a><\/span><\/div>\t\t<div class=\"post-content\">\n\n\t\t\t<h4 class=\"entry-title\"><a href=\"https:\/\/vetting.md\/prevetting\/?p=4448&#038;lang=ro\">Evaluare reluat\u0103 | Audierea public\u0103 a judec\u0103torului Victor Sandu<\/a><\/h4>\n\t\t\t<span class=\"vcard\" style=\"display: none;\"><span class=\"fn\"><a href=\"https:\/\/vetting.md\/prevetting\/?lang=ro\" title=\"Articole de D C\" rel=\"author\">D C<\/a><\/span><\/span><span class=\"updated\" style=\"display:none\">%2<\/span><p class=\"post-excerpt\"><\/p>\t\t\t\t\t<\/div>\n\t\t<!-- Post meta after content -->\n\t\t\t\t\n\t<\/div>\n<\/article>\n\n<article class=\"post post-grid col-md-6 col-lg-4 post-title-simple post-4418 post type-post status-publish format-standard has-post-thumbnail hentry category-audieri\">\n\t<div class=\"grid-box\">\n\t\t\t<div class=\"post-image single\">\n\t\t<div class=\"img-thumbnail fit-video\">\n\t\t\t<iframe loading=\"lazy\" width=\"560\" height=\"315\" src=\"https:\/\/www.youtube.com\/embed\/gV8zo3wgWiE?si=jFUfM7YBrpfSicMy\" title=\"YouTube video player\" frameborder=\"0\" allow=\"accelerometer; autoplay; clipboard-write; encrypted-media; gyroscope; picture-in-picture; web-share\" referrerpolicy=\"strict-origin-when-cross-origin\" allowfullscreen><\/iframe>\t\t<\/div>\n\t\t\n\t\t\t<\/div>\n\n\t\t<!-- Post meta before content -->\n\t\t<div class=\"post-meta\"><span class=\"meta-date\"><i class=\"far fa-calendar-alt\"><\/i>1 iul. 2024<\/span><\/div><div class=\"post-meta\"><span class=\"meta-cats\"><i class=\"far fa-folder\"><\/i><a href=\"https:\/\/vetting.md\/prevetting\/?cat=35&#038;lang=ro\" rel=\"category\">Audieri<\/a><\/span><\/div>\t\t<div class=\"post-content\">\n\n\t\t\t<h4 class=\"entry-title\"><a href=\"https:\/\/vetting.md\/prevetting\/?p=4418&#038;lang=ro\">Evaluare reluat\u0103 | Audierea public\u0103 a judec\u0103toarei Marina Rusu<\/a><\/h4>\n\t\t\t<span class=\"vcard\" style=\"display: none;\"><span class=\"fn\"><a href=\"https:\/\/vetting.md\/prevetting\/?lang=ro\" title=\"Articole de Timus\" rel=\"author\">Timus<\/a><\/span><\/span><span class=\"updated\" style=\"display:none\">%2<\/span><p class=\"post-excerpt\">Marina Rusu, judec\u0103toare la Judec\u0103toria Cahul, sediul Taraclia \u0219i candidat\u0103 din r\u00e2ndul judec\u0103torilor la func\u021bia de membr\u0103 \u00een Consiliul Superior...<\/p>\t\t\t\t\t<\/div>\n\t\t<!-- Post meta after content -->\n\t\t\t\t\n\t<\/div>\n<\/article>\n\n<article class=\"post post-grid col-md-6 col-lg-4 post-title-simple post-4374 post type-post status-publish format-standard has-post-thumbnail hentry category-audieri\">\n\t<div class=\"grid-box\">\n\t\t\t<div class=\"post-image single\">\n\t\t<div class=\"img-thumbnail fit-video\">\n\t\t\t<iframe loading=\"lazy\" width=\"560\" height=\"315\" src=\"https:\/\/www.youtube.com\/embed\/roaw6YNZ7zY?si=LGLe6dPpFitnZkNF\" title=\"YouTube video player\" frameborder=\"0\" allow=\"accelerometer; autoplay; clipboard-write; encrypted-media; gyroscope; picture-in-picture; web-share\" referrerpolicy=\"strict-origin-when-cross-origin\" allowfullscreen><\/iframe>\t\t<\/div>\n\t\t\n\t\t\t<\/div>\n\n\t\t<!-- Post meta before content -->\n\t\t<div class=\"post-meta\"><span class=\"meta-date\"><i class=\"far fa-calendar-alt\"><\/i>10 iun. 2024<\/span><\/div><div class=\"post-meta\"><span class=\"meta-cats\"><i class=\"far fa-folder\"><\/i><a href=\"https:\/\/vetting.md\/prevetting\/?cat=35&#038;lang=ro\" rel=\"category\">Audieri<\/a><\/span><\/div>\t\t<div class=\"post-content\">\n\n\t\t\t<h4 class=\"entry-title\"><a href=\"https:\/\/vetting.md\/prevetting\/?p=4374&#038;lang=ro\">Evaluare reluat\u0103 | Audierea public\u0103 a judec\u0103torului Alexei Pani\u0219 (audiere repetat\u0103)<\/a><\/h4>\n\t\t\t<span class=\"vcard\" style=\"display: none;\"><span class=\"fn\"><a href=\"https:\/\/vetting.md\/prevetting\/?lang=ro\" title=\"Articole de Timus\" rel=\"author\">Timus<\/a><\/span><\/span><span class=\"updated\" style=\"display:none\">%2<\/span><p class=\"post-excerpt\">Comisia Pre-Vetting a organizat o audiere public\u0103 online \u00een cadrul evalu\u0103rii reluate a candidatului la func\u021bia de membru \u00een Consiliul...<\/p>\t\t\t\t\t<\/div>\n\t\t<!-- Post meta after content -->\n\t\t\t\t\n\t<\/div>\n<\/article>\n\n<article class=\"post post-grid col-md-6 col-lg-4 post-title-simple post-4276 post type-post status-publish format-standard has-post-thumbnail hentry category-audieri\">\n\t<div class=\"grid-box\">\n\t\t\t<div class=\"post-image single\">\n\t\t<div class=\"img-thumbnail fit-video\">\n\t\t\t<iframe loading=\"lazy\" width=\"560\" height=\"315\" src=\"https:\/\/www.youtube.com\/embed\/sDvh3h_2xdU?si=71pcsPtN5HjkQH5A\" title=\"YouTube video player\" frameborder=\"0\" allow=\"accelerometer; autoplay; clipboard-write; encrypted-media; gyroscope; picture-in-picture; web-share\" referrerpolicy=\"strict-origin-when-cross-origin\" allowfullscreen><\/iframe>\t\t<\/div>\n\t\t\n\t\t\t<\/div>\n\n\t\t<!-- Post meta before content -->\n\t\t<div class=\"post-meta\"><span class=\"meta-date\"><i class=\"far fa-calendar-alt\"><\/i>17 apr. 2024<\/span><\/div><div class=\"post-meta\"><span class=\"meta-cats\"><i class=\"far fa-folder\"><\/i><a href=\"https:\/\/vetting.md\/prevetting\/?cat=35&#038;lang=ro\" rel=\"category\">Audieri<\/a><\/span><\/div>\t\t<div class=\"post-content\">\n\n\t\t\t<h4 class=\"entry-title\"><a href=\"https:\/\/vetting.md\/prevetting\/?p=4276&#038;lang=ro\">Evaluare reluat\u0103 | Audierea public\u0103 a judec\u0103torului Alexei Pani\u0219<\/a><\/h4>\n\t\t\t<span class=\"vcard\" style=\"display: none;\"><span class=\"fn\"><a href=\"https:\/\/vetting.md\/prevetting\/?lang=ro\" title=\"Articole de Timus\" rel=\"author\">Timus<\/a><\/span><\/span><span class=\"updated\" style=\"display:none\">%2<\/span><p class=\"post-excerpt\">Alexei Pani\u0219, judec\u0103tor la Judec\u0103toria Chi\u0219in\u0103u, sediul R\u00ee\u0219cani, \u0219i candidat la func\u021bia de membru \u00een Consiliul Superior al Magistraturii (CSM),...<\/p>\t\t\t\t\t<\/div>\n\t\t<!-- Post meta after content -->\n\t\t\t\t\n\t<\/div>\n<\/article>\n\n<article class=\"post post-grid col-md-6 col-lg-4 post-title-simple post-4242 post type-post status-publish format-standard has-post-thumbnail hentry category-audieri\">\n\t<div class=\"grid-box\">\n\t\t\t<div class=\"post-image single\">\n\t\t<div class=\"img-thumbnail fit-video\">\n\t\t\t<iframe loading=\"lazy\" width=\"560\" height=\"315\" src=\"https:\/\/www.youtube.com\/embed\/PAi89Ut08zA?si=o8Qpy8l8aCeP5hUT\" title=\"YouTube video player\" frameborder=\"0\" allow=\"accelerometer; autoplay; clipboard-write; encrypted-media; gyroscope; picture-in-picture; web-share\" referrerpolicy=\"strict-origin-when-cross-origin\" allowfullscreen><\/iframe>\t\t<\/div>\n\t\t\n\t\t\t<\/div>\n\n\t\t<!-- Post meta before content -->\n\t\t<div class=\"post-meta\"><span class=\"meta-date\"><i class=\"far fa-calendar-alt\"><\/i>22 mar. 2024<\/span><\/div><div class=\"post-meta\"><span class=\"meta-cats\"><i class=\"far fa-folder\"><\/i><a href=\"https:\/\/vetting.md\/prevetting\/?cat=35&#038;lang=ro\" rel=\"category\">Audieri<\/a><\/span><\/div>\t\t<div class=\"post-content\">\n\n\t\t\t<h4 class=\"entry-title\"><a href=\"https:\/\/vetting.md\/prevetting\/?p=4242&#038;lang=ro\">Evaluare reluat\u0103 | Audierea public\u0103 a judec\u0103torului Aureliu Postic\u0103<\/a><\/h4>\n\t\t\t<span class=\"vcard\" style=\"display: none;\"><span class=\"fn\"><a href=\"https:\/\/vetting.md\/prevetting\/?lang=ro\" title=\"Articole de Timus\" rel=\"author\">Timus<\/a><\/span><\/span><span class=\"updated\" style=\"display:none\">%2<\/span><p class=\"post-excerpt\">Aureliu Postic\u0103, judec\u0103tor la Judec\u0103toria Chi\u0219in\u0103u, sediul Buiucani, \u0219i candidat la func\u021bia de membru \u00een Consiliul Superior al Magistraturii (CSM),...<\/p>\t\t\t\t\t<\/div>\n\t\t<!-- Post meta after content -->\n\t\t\t\t\n\t<\/div>\n<\/article>\n\n<article class=\"post post-grid col-md-6 col-lg-4 post-title-simple post-4230 post type-post status-publish format-standard has-post-thumbnail hentry category-audieri\">\n\t<div class=\"grid-box\">\n\t\t\t<div class=\"post-image single\">\n\t\t<div class=\"img-thumbnail fit-video\">\n\t\t\t<iframe loading=\"lazy\" width=\"560\" height=\"315\" src=\"https:\/\/www.youtube.com\/embed\/Ow4JA0if6-k?si=dbm-mHxtStqDWBFm\" title=\"YouTube video player\" frameborder=\"0\" allow=\"accelerometer; autoplay; clipboard-write; encrypted-media; gyroscope; picture-in-picture; web-share\" allowfullscreen><\/iframe>\t\t<\/div>\n\t\t\n\t\t\t<\/div>\n\n\t\t<!-- Post meta before content -->\n\t\t<div class=\"post-meta\"><span class=\"meta-date\"><i class=\"far fa-calendar-alt\"><\/i>15 mar. 2024<\/span><\/div><div class=\"post-meta\"><span class=\"meta-cats\"><i class=\"far fa-folder\"><\/i><a href=\"https:\/\/vetting.md\/prevetting\/?cat=35&#038;lang=ro\" rel=\"category\">Audieri<\/a><\/span><\/div>\t\t<div class=\"post-content\">\n\n\t\t\t<h4 class=\"entry-title\"><a href=\"https:\/\/vetting.md\/prevetting\/?p=4230&#038;lang=ro\">Evaluare reluat\u0103 | Audierea public\u0103 a judec\u0103toarei Veronica Cupcea<\/a><\/h4>\n\t\t\t<span class=\"vcard\" style=\"display: none;\"><span class=\"fn\"><a href=\"https:\/\/vetting.md\/prevetting\/?lang=ro\" title=\"Articole de Timus\" rel=\"author\">Timus<\/a><\/span><\/span><span class=\"updated\" style=\"display:none\">%2<\/span><p class=\"post-excerpt\">Judec\u0103toarea Veronica Cupcea de la Judec\u0103toria Orhei \u0219i candidat\u0103 la func\u021bia de membr\u0103 \u00een Consiliul Superior al Magistraturii (CSM), a...<\/p>\t\t\t\t\t<\/div>\n\t\t<!-- Post meta after content -->\n\t\t\t\t\n\t<\/div>\n<\/article>\n\n<article class=\"post post-grid col-md-6 col-lg-4 post-title-simple post-4226 post type-post status-publish format-standard hentry category-audieri\">\n\t<div class=\"grid-box\">\n\t\t\t<div class=\"post-image single\">\n\t\t<div class=\"img-thumbnail fit-video\">\n\t\t\t<iframe loading=\"lazy\" width=\"560\" height=\"315\" src=\"https:\/\/www.youtube.com\/embed\/ZaYwpDcrg5k?si=XddEzp5H7hQ5joCV\" title=\"YouTube video player\" frameborder=\"0\" allow=\"accelerometer; autoplay; clipboard-write; encrypted-media; gyroscope; picture-in-picture; web-share\" allowfullscreen><\/iframe>\t\t<\/div>\n\t\t\n\t\t\t<\/div>\n\n\t\t<!-- Post meta before content -->\n\t\t<div class=\"post-meta\"><span class=\"meta-date\"><i class=\"far fa-calendar-alt\"><\/i>14 mar. 2024<\/span><\/div><div class=\"post-meta\"><span class=\"meta-cats\"><i class=\"far fa-folder\"><\/i><a href=\"https:\/\/vetting.md\/prevetting\/?cat=35&#038;lang=ro\" rel=\"category\">Audieri<\/a><\/span><\/div>\t\t<div class=\"post-content\">\n\n\t\t\t<h4 class=\"entry-title\"><a href=\"https:\/\/vetting.md\/prevetting\/?p=4226&#038;lang=ro\">Evaluare reluat\u0103 | Audierea public\u0103 a judec\u0103torului Ion Chirtoac\u0103<\/a><\/h4>\n\t\t\t<span class=\"vcard\" style=\"display: none;\"><span class=\"fn\"><a href=\"https:\/\/vetting.md\/prevetting\/?lang=ro\" title=\"Articole de Timus\" rel=\"author\">Timus<\/a><\/span><\/span><span class=\"updated\" style=\"display:none\">%2<\/span><p class=\"post-excerpt\">Ion Chirtoac\u0103, judec\u0103tor la Judec\u0103toria Chi\u0219in\u0103u, sediul Buiucani, \u0219i candidat la func\u021bia de membru \u00een Consiliul Superior al Magistraturii (CSM),...<\/p>\t\t\t\t\t<\/div>\n\t\t<!-- Post meta after content -->\n\t\t\t\t\n\t<\/div>\n<\/article>\n\n<article class=\"post post-grid col-md-6 col-lg-4 post-title-simple post-4038 post type-post status-publish format-standard has-post-thumbnail hentry category-audieri\">\n\t<div class=\"grid-box\">\n\t\t\t<div class=\"post-image single\">\n\t\t<div class=\"img-thumbnail fit-video\">\n\t\t\t<iframe loading=\"lazy\" width=\"560\" height=\"315\" src=\"https:\/\/www.youtube.com\/embed\/ExfFaOvpAfo?si=VpdJtrxvnC8kvKtQ\" title=\"YouTube video player\" frameborder=\"0\" allow=\"accelerometer; autoplay; clipboard-write; encrypted-media; gyroscope; picture-in-picture; web-share\" allowfullscreen><\/iframe>\t\t<\/div>\n\t\t\n\t\t\t<\/div>\n\n\t\t<!-- Post meta before content -->\n\t\t<div class=\"post-meta\"><span class=\"meta-date\"><i class=\"far fa-calendar-alt\"><\/i>27 dec. 2023<\/span><\/div><div class=\"post-meta\"><span class=\"meta-cats\"><i class=\"far fa-folder\"><\/i><a href=\"https:\/\/vetting.md\/prevetting\/?cat=35&#038;lang=ro\" rel=\"category\">Audieri<\/a><\/span><\/div>\t\t<div class=\"post-content\">\n\n\t\t\t<h4 class=\"entry-title\"><a href=\"https:\/\/vetting.md\/prevetting\/?p=4038&#038;lang=ro\">Evaluare reluat\u0103 | Audierea public\u0103 a Ecaterinei Buzu<\/a><\/h4>\n\t\t\t<span class=\"vcard\" style=\"display: none;\"><span class=\"fn\"><a href=\"https:\/\/vetting.md\/prevetting\/?lang=ro\" title=\"Articole de Timus\" rel=\"author\">Timus<\/a><\/span><\/span><span class=\"updated\" style=\"display:none\">%2<\/span><p class=\"post-excerpt\">Ecaterina Buzu, judec\u0103toare la Judec\u0103toria Orhei \u0219i candidat\u0103 la func\u021bia de membr\u0103 \u00een Consiliul Superior al Magistraturii (CSM), a fost...<\/p>\t\t\t\t\t<\/div>\n\t\t<!-- Post meta after content -->\n\t\t\t\t\n\t<\/div>\n<\/article>\n\n<article class=\"post post-grid col-md-6 col-lg-4 post-title-simple post-4031 post type-post status-publish format-standard has-post-thumbnail hentry category-audieri\">\n\t<div class=\"grid-box\">\n\t\t\t<div class=\"post-image single\">\n\t\t<div class=\"img-thumbnail fit-video\">\n\t\t\t<iframe loading=\"lazy\" width=\"560\" height=\"315\" src=\"https:\/\/www.youtube.com\/embed\/h8tCQLLRFzs?si=YsFlU9gUP4jOTKOR\" title=\"YouTube video player\" frameborder=\"0\" allow=\"accelerometer; autoplay; clipboard-write; encrypted-media; gyroscope; picture-in-picture; web-share\" allowfullscreen><\/iframe>\t\t<\/div>\n\t\t\n\t\t\t<\/div>\n\n\t\t<!-- Post meta before content -->\n\t\t<div class=\"post-meta\"><span class=\"meta-date\"><i class=\"far fa-calendar-alt\"><\/i>21 dec. 2023<\/span><\/div><div class=\"post-meta\"><span class=\"meta-cats\"><i class=\"far fa-folder\"><\/i><a href=\"https:\/\/vetting.md\/prevetting\/?cat=35&#038;lang=ro\" rel=\"category\">Audieri<\/a><\/span><\/div>\t\t<div class=\"post-content\">\n\n\t\t\t<h4 class=\"entry-title\"><a href=\"https:\/\/vetting.md\/prevetting\/?p=4031&#038;lang=ro\">Audierea public\u0103 a lui Mihail Sorbala<\/a><\/h4>\n\t\t\t<span class=\"vcard\" style=\"display: none;\"><span class=\"fn\"><a href=\"https:\/\/vetting.md\/prevetting\/?lang=ro\" title=\"Articole de Timus\" rel=\"author\">Timus<\/a><\/span><\/span><span class=\"updated\" style=\"display:none\">%2<\/span><p class=\"post-excerpt\">Mihail Sorbala, candidat la func\u021bia de membru \u00een Consiliul Superior al Procurorilor din r\u00e2ndul reprezentan\u021bilor societ\u0103\u021bii civile, a fost audiat...<\/p>\t\t\t\t\t<\/div>\n\t\t<!-- Post meta after content -->\n\t\t\t\t\n\t<\/div>\n<\/article>\n\n\t\n\t\t\t<\/div>\n\t\t<\/div>\n\n\t\n\t\t\t\t\t\t<div class=\"clearfix\"><\/div>\n\t\t\t<div class=\"pagination-wrap\">\n\t\t\t\t\t\t\t\t<div class=\"pagination\" role=\"navigation\">\n\t\t\t\t\t<span aria-current=\"page\" class=\"page-numbers current\">1<\/span><a class=\"page-numbers\" href=\"https:\/\/vetting.md\/prevetting\/?paged=2&#038;rest_route=%2Fwp%2Fv2%2Fpages%2F628&#038;lang=ro\">2<\/a><span class=\"page-numbers dots\">&hellip;<\/span><a class=\"page-numbers\" href=\"https:\/\/vetting.md\/prevetting\/?paged=8&#038;rest_route=%2Fwp%2Fv2%2Fpages%2F628&#038;lang=ro\">8<\/a><a class=\"next page-numbers\" href=\"https:\/\/vetting.md\/prevetting\/?paged=2&#038;rest_route=%2Fwp%2Fv2%2Fpages%2F628&#038;lang=ro\">Next&nbsp;&nbsp;<i class=\"fas fa-long-arrow-alt-right\"><\/i><\/a>\t\t\t\t<\/div>\n\t\t\t<\/div>\n\t\t\t\t\n\t<\/div>[\/vc_column][\/vc_row]<\/p>\n","protected":false},"excerpt":{"rendered":"<p>[vc_row wrap_container=&#8221;yes&#8221; conditional_render=&#8221;%5B%7B%22value_role%22%3A%22administrator%22%7D%5D&#8221;][vc_column][vc_empty_space height=&#8221;50px&#8221;][\/vc_column][\/vc_row]<\/p>\n","protected":false},"author":1,"featured_media":0,"parent":0,"menu_order":0,"comment_status":"closed","ping_status":"closed","template":"","meta":{"footnotes":""},"class_list":["post-628","page","type-page","status-publish","hentry"],"acf":[],"yoast_head":"<!-- This site is optimized with the Yoast SEO plugin v20.11 - https:\/\/yoast.com\/wordpress\/plugins\/seo\/ -->\n<title>Audieri - Comisia \u201ePre-Vetting\u201d<\/title>\n<meta name=\"robots\" content=\"index, follow, max-snippet:-1, max-image-preview:large, max-video-preview:-1\" \/>\n<link rel=\"canonical\" href=\"https:\/\/vetting.md\/prevetting\/?page_id=628&lang=ro\" \/>\n<meta property=\"og:locale\" content=\"ro_RO\" \/>\n<meta property=\"og:type\" content=\"article\" \/>\n<meta property=\"og:title\" content=\"Audieri - Comisia \u201ePre-Vetting\u201d\" \/>\n<meta property=\"og:description\" content=\"[vc_row wrap_container=&#8221;yes&#8221; conditional_render=&#8221;%5B%7B%22value_role%22%3A%22administrator%22%7D%5D&#8221;][vc_column][vc_empty_space height=&#8221;50px&#8221;][\/vc_column][\/vc_row]\" \/>\n<meta property=\"og:url\" content=\"https:\/\/vetting.md\/prevetting\/?page_id=628&amp;lang=ro\" \/>\n<meta property=\"og:site_name\" content=\"Comisia \u201ePre-Vetting\u201d\" \/>\n<meta property=\"article:publisher\" content=\"https:\/\/www.facebook.com\/ComisiaPreVetting\" \/>\n<meta property=\"article:modified_time\" content=\"2023-03-09T08:42:03+00:00\" \/>\n<meta property=\"og:image\" content=\"https:\/\/vetting.md\/prevetting\/wp-content\/uploads\/2022\/10\/logo-primary.png\" \/>\n\t<meta property=\"og:image:width\" content=\"178\" \/>\n\t<meta property=\"og:image:height\" content=\"187\" \/>\n\t<meta property=\"og:image:type\" content=\"image\/png\" \/>\n<meta name=\"twitter:card\" content=\"summary_large_image\" \/>\n<meta name=\"twitter:label1\" content=\"Timp estimat pentru citire\" \/>\n\t<meta name=\"twitter:data1\" content=\"1 minut\" \/>\n<script type=\"application\/ld+json\" class=\"yoast-schema-graph\">{\"@context\":\"https:\/\/schema.org\",\"@graph\":[{\"@type\":\"WebPage\",\"@id\":\"https:\/\/vetting.md\/prevetting\/?page_id=628&lang=ro\",\"url\":\"https:\/\/vetting.md\/prevetting\/?page_id=628&lang=ro\",\"name\":\"Audieri - Comisia \u201ePre-Vetting\u201d\",\"isPartOf\":{\"@id\":\"https:\/\/vetting.md\/prevetting?lang=ro#website\"},\"datePublished\":\"2022-09-08T05:31:39+00:00\",\"dateModified\":\"2023-03-09T08:42:03+00:00\",\"breadcrumb\":{\"@id\":\"https:\/\/vetting.md\/prevetting\/?page_id=628&lang=ro#breadcrumb\"},\"inLanguage\":\"ro-RO\",\"potentialAction\":[{\"@type\":\"ReadAction\",\"target\":[[\"https:\/\/vetting.md\/prevetting\/?page_id=628&lang=ro\"]]}]},{\"@type\":\"BreadcrumbList\",\"@id\":\"https:\/\/vetting.md\/prevetting\/?page_id=628&lang=ro#breadcrumb\",\"itemListElement\":[{\"@type\":\"ListItem\",\"position\":1,\"name\":\"Home\",\"item\":\"https:\/\/vetting.md\/prevetting\/?lang=ro\"},{\"@type\":\"ListItem\",\"position\":2,\"name\":\"Audieri\"}]},{\"@type\":\"WebSite\",\"@id\":\"https:\/\/vetting.md\/prevetting?lang=ro#website\",\"url\":\"https:\/\/vetting.md\/prevetting?lang=ro\",\"name\":\"Comisia \u201ePre-Vetting\u201d\",\"description\":\"Comisia independent\u0103 de evaluare a integrit\u0103\u021bii candida\u021bilor la func\u021bia de membru \u00een organele de autoadministrare ale judec\u0103torilor \u0219i procurorilor\",\"publisher\":{\"@id\":\"https:\/\/vetting.md\/prevetting?lang=ro#organization\"},\"potentialAction\":[{\"@type\":\"SearchAction\",\"target\":{\"@type\":\"EntryPoint\",\"urlTemplate\":\"https:\/\/vetting.md\/prevetting?lang=ro\"},\"query-input\":\"required name=search_term_string\"}],\"inLanguage\":\"ro-RO\"},{\"@type\":\"Organization\",\"@id\":\"https:\/\/vetting.md\/prevetting?lang=ro#organization\",\"name\":\"Comisia \u201ePre-Vetting\u201d\",\"url\":\"https:\/\/vetting.md\/prevetting?lang=ro\",\"logo\":{\"@type\":\"ImageObject\",\"inLanguage\":\"ro-RO\",\"@id\":\"https:\/\/vetting.md\/prevetting?lang=ro#\/schema\/logo\/image\/\",\"url\":\"https:\/\/vetting.md\/prevetting\/wp-content\/uploads\/2022\/10\/logo-primary.png\",\"contentUrl\":\"https:\/\/vetting.md\/prevetting\/wp-content\/uploads\/2022\/10\/logo-primary.png\",\"width\":178,\"height\":187,\"caption\":\"Comisia \u201ePre-Vetting\u201d\"},\"image\":{\"@id\":\"https:\/\/vetting.md\/prevetting?lang=ro#\/schema\/logo\/image\/\"},\"sameAs\":[\"https:\/\/www.facebook.com\/ComisiaPreVetting\",\"https:\/\/www.youtube.com\/channel\/UC2EHBvtuq2H0EkeR38NCnKQ\"]}]}<\/script>\n<!-- \/ Yoast SEO plugin. -->","yoast_head_json":{"title":"Audieri - Comisia \u201ePre-Vetting\u201d","robots":{"index":"index","follow":"follow","max-snippet":"max-snippet:-1","max-image-preview":"max-image-preview:large","max-video-preview":"max-video-preview:-1"},"canonical":"https:\/\/vetting.md\/prevetting\/?page_id=628&lang=ro","og_locale":"ro_RO","og_type":"article","og_title":"Audieri - Comisia \u201ePre-Vetting\u201d","og_description":"[vc_row wrap_container=&#8221;yes&#8221; conditional_render=&#8221;%5B%7B%22value_role%22%3A%22administrator%22%7D%5D&#8221;][vc_column][vc_empty_space height=&#8221;50px&#8221;][\/vc_column][\/vc_row]","og_url":"https:\/\/vetting.md\/prevetting\/?page_id=628&lang=ro","og_site_name":"Comisia \u201ePre-Vetting\u201d","article_publisher":"https:\/\/www.facebook.com\/ComisiaPreVetting","article_modified_time":"2023-03-09T08:42:03+00:00","og_image":[{"width":178,"height":187,"url":"https:\/\/vetting.md\/prevetting\/wp-content\/uploads\/2022\/10\/logo-primary.png","type":"image\/png"}],"twitter_card":"summary_large_image","twitter_misc":{"Timp estimat pentru citire":"1 minut"},"schema":{"@context":"https:\/\/schema.org","@graph":[{"@type":"WebPage","@id":"https:\/\/vetting.md\/prevetting\/?page_id=628&lang=ro","url":"https:\/\/vetting.md\/prevetting\/?page_id=628&lang=ro","name":"Audieri - Comisia \u201ePre-Vetting\u201d","isPartOf":{"@id":"https:\/\/vetting.md\/prevetting?lang=ro#website"},"datePublished":"2022-09-08T05:31:39+00:00","dateModified":"2023-03-09T08:42:03+00:00","breadcrumb":{"@id":"https:\/\/vetting.md\/prevetting\/?page_id=628&lang=ro#breadcrumb"},"inLanguage":"ro-RO","potentialAction":[{"@type":"ReadAction","target":[["https:\/\/vetting.md\/prevetting\/?page_id=628&lang=ro"]]}]},{"@type":"BreadcrumbList","@id":"https:\/\/vetting.md\/prevetting\/?page_id=628&lang=ro#breadcrumb","itemListElement":[{"@type":"ListItem","position":1,"name":"Home","item":"https:\/\/vetting.md\/prevetting\/?lang=ro"},{"@type":"ListItem","position":2,"name":"Audieri"}]},{"@type":"WebSite","@id":"https:\/\/vetting.md\/prevetting?lang=ro#website","url":"https:\/\/vetting.md\/prevetting?lang=ro","name":"Comisia \u201ePre-Vetting\u201d","description":"Comisia independent\u0103 de evaluare a integrit\u0103\u021bii candida\u021bilor la func\u021bia de membru \u00een organele de autoadministrare ale judec\u0103torilor \u0219i procurorilor","publisher":{"@id":"https:\/\/vetting.md\/prevetting?lang=ro#organization"},"potentialAction":[{"@type":"SearchAction","target":{"@type":"EntryPoint","urlTemplate":"https:\/\/vetting.md\/prevetting?lang=ro"},"query-input":"required name=search_term_string"}],"inLanguage":"ro-RO"},{"@type":"Organization","@id":"https:\/\/vetting.md\/prevetting?lang=ro#organization","name":"Comisia \u201ePre-Vetting\u201d","url":"https:\/\/vetting.md\/prevetting?lang=ro","logo":{"@type":"ImageObject","inLanguage":"ro-RO","@id":"https:\/\/vetting.md\/prevetting?lang=ro#\/schema\/logo\/image\/","url":"https:\/\/vetting.md\/prevetting\/wp-content\/uploads\/2022\/10\/logo-primary.png","contentUrl":"https:\/\/vetting.md\/prevetting\/wp-content\/uploads\/2022\/10\/logo-primary.png","width":178,"height":187,"caption":"Comisia \u201ePre-Vetting\u201d"},"image":{"@id":"https:\/\/vetting.md\/prevetting?lang=ro#\/schema\/logo\/image\/"},"sameAs":["https:\/\/www.facebook.com\/ComisiaPreVetting","https:\/\/www.youtube.com\/channel\/UC2EHBvtuq2H0EkeR38NCnKQ"]}]}},"_links":{"self":[{"href":"https:\/\/vetting.md\/prevetting?lang=ro%2Findex.php&rest_route=\/wp\/v2\/pages\/628","targetHints":{"allow":["GET"]}}],"collection":[{"href":"https:\/\/vetting.md\/prevetting?lang=ro%2Findex.php&rest_route=\/wp\/v2\/pages"}],"about":[{"href":"https:\/\/vetting.md\/prevetting?lang=ro%2Findex.php&rest_route=\/wp\/v2\/types\/page"}],"author":[{"embeddable":true,"href":"https:\/\/vetting.md\/prevetting?lang=ro%2Findex.php&rest_route=\/wp\/v2\/users\/1"}],"replies":[{"embeddable":true,"href":"https:\/\/vetting.md\/prevetting?lang=ro%2Findex.php&rest_route=%2Fwp%2Fv2%2Fcomments&post=628"}],"version-history":[{"count":21,"href":"https:\/\/vetting.md\/prevetting?lang=ro%2Findex.php&rest_route=\/wp\/v2\/pages\/628\/revisions"}],"predecessor-version":[{"id":3049,"href":"https:\/\/vetting.md\/prevetting?lang=ro%2Findex.php&rest_route=\/wp\/v2\/pages\/628\/revisions\/3049"}],"wp:attachment":[{"href":"https:\/\/vetting.md\/prevetting?lang=ro%2Findex.php&rest_route=%2Fwp%2Fv2%2Fmedia&parent=628"}],"curies":[{"name":"wp","href":"https:\/\/api.w.org\/{rel}","templated":true}]}}