{"id":616,"date":"2022-09-08T05:27:46","date_gmt":"2022-09-08T05:27:46","guid":{"rendered":"https:\/\/vetting.md\/?page_id=616"},"modified":"2022-10-20T17:04:47","modified_gmt":"2022-10-20T14:04:47","slug":"mandate","status":"publish","type":"page","link":"https:\/\/vetting.md\/prevetting\/?page_id=616&lang=ro","title":{"rendered":"Mandat"},"content":{"rendered":"<p>[vc_row wrap_container=&#8221;yes&#8221; text_align=&#8221;justify&#8221; conditional_render=&#8221;%5B%7B%22value_role%22%3A%22administrator%22%7D%5D&#8221; css=&#8221;.vc_custom_1662874398020{padding-top: 60px !important;}&#8221;][vc_column][vc_empty_space][vc_custom_heading text=&#8221;Despre Comisie&#8221; font_container=&#8221;tag:p|text_align:left|color:%23acb4be&#8221; use_theme_fonts=&#8221;yes&#8221; text_transform=&#8221;text-uppercase&#8221; font_weight=&#8221;700&#8243; animation_delay=&#8221;700&#8243; el_class=&#8221;mb-1&#8243;][vc_custom_heading text=&#8221;Mandatul Comisiei&#8221; font_container=&#8221;tag:h2|font_size:2.3em|text_align:left|line_height:1.2&#8243; use_theme_fonts=&#8221;yes&#8221; letter_spacing=&#8221;-1px&#8221; animation_delay=&#8221;900&#8243; el_class=&#8221;pb-3 mb-4&#8243;][vc_separator][vc_custom_heading text=&#8221;<\/p>\n<p>Integritatea sectorului justi\u021biei este una dintre provoc\u0103rile de baz\u0103 ale societ\u0103\u021bii noastre \u0219i reprezint\u0103 unul dintre angajamentele constante ale Republicii Moldova \u00een contextul negocierilor cu partenerii de dezvoltare, reg\u0103sindu-se \u00een majoritatea documentelor de politici na\u021bionale.<\/p>\n<p>\u00cen context, Comisia \u201ePre-Vetting\u201d este acea institu\u021bie care are grij\u0103 ca doar candida\u021bii, care \u00eentrunesc cele mai \u00eenalte standarde de integritate financiar\u0103 \u0219i etic\u0103, s\u0103 fie eligibili pentru func\u021bii \u00een organele de autoadministrare ale judec\u0103torilor \u0219i procurorilor.<br \/>\nComisia are misiunea de a evalua complex integritatea etic\u0103 \u0219i financiar\u0103 a candida\u021bilor la principalele func\u021bii din administrarea justi\u021biei, \u00een temeiul unor cercet\u0103ri extinse ale activit\u0103\u021bii profesionale, respect\u0103rii unor standarde de onestitate \u0219i profesionalism, precum \u0219i a lipsei unor ac\u021biuni dubioase, care provoac\u0103 suspiciuni de corup\u021bie.<\/p>\n<p>Prin activitatea ce o desf\u0103\u0219oar\u0103, Comisia \u201ePre-Vetting\u201d tinde s\u0103 sporeasc\u0103 integritatea viitorilor membri ai Consiliului Superior al Magistraturii, ai Consiliului Superior al Procurorilor \u0219i ai organelor specializate ale acestora \u0219i s\u0103 creasc\u0103 \u00eencrederea societ\u0103\u021bii \u00een sistemul justi\u021biei \u0219i \u00een activitatea organelor de autoadministrare ale judec\u0103torilor \u0219i procurorilor, \u00een particular.&#8221; font_container=&#8221;tag:p|font_size:1.3em|text_align:left&#8221; use_theme_fonts=&#8221;yes&#8221; animation_delay=&#8221;1100&#8243; el_class=&#8221;pb-2 mb-4&#8243; animation_type=&#8221;fadeInUp&#8221;][\/vc_column][\/vc_row]<\/p>","protected":false},"excerpt":{"rendered":"<p>[vc_row wrap_container=&#8221;yes&#8221; text_align=&#8221;justify&#8221; conditional_render=&#8221;%5B%7B%22value_role%22%3A%22administrator%22%7D%5D&#8221; css=&#8221;.vc_custom_1662874398020{padding-top: 60px !important;}&#8221;][vc_column][vc_empty_space][vc_custom_heading text=&#8221;Despre Comisie&#8221; font_container=&#8221;tag:p|text_align:left|color:%23acb4be&#8221; use_theme_fonts=&#8221;yes&#8221; text_transform=&#8221;text-uppercase&#8221; font_weight=&#8221;700&#8243; animation_delay=&#8221;700&#8243; el_class=&#8221;mb-1&#8243;][vc_custom_heading text=&#8221;Mandatul Comisiei&#8221; font_container=&#8221;tag:h2|font_size:2.3em|text_align:left|line_height:1.2&#8243; use_theme_fonts=&#8221;yes&#8221; letter_spacing=&#8221;-1px&#8221; animation_delay=&#8221;900&#8243; el_class=&#8221;pb-3 mb-4&#8243;][vc_separator][vc_custom_heading text=&#8221; Integritatea sectorului justi\u021biei este una dintre provoc\u0103rile de baz\u0103 ale societ\u0103\u021bii noastre \u0219i reprezint\u0103 unul dintre angajamentele constante ale Republicii Moldova \u00een contextul negocierilor cu partenerii de dezvoltare, reg\u0103sindu-se \u00een majoritatea [&hellip;]<\/p>\n","protected":false},"author":1,"featured_media":0,"parent":0,"menu_order":0,"comment_status":"closed","ping_status":"closed","template":"","meta":{"footnotes":""},"class_list":["post-616","page","type-page","status-publish","hentry"],"acf":[],"yoast_head":"<!-- This site is optimized with the Yoast SEO plugin v20.11 - https:\/\/yoast.com\/wordpress\/plugins\/seo\/ -->\n<title>Mandat - Comisia \u201ePre-Vetting\u201d<\/title>\n<meta name=\"robots\" content=\"index, follow, max-snippet:-1, max-image-preview:large, max-video-preview:-1\" \/>\n<link rel=\"canonical\" href=\"https:\/\/vetting.md\/prevetting\/?page_id=616&lang=ro\" \/>\n<meta property=\"og:locale\" content=\"ro_RO\" \/>\n<meta property=\"og:type\" content=\"article\" \/>\n<meta property=\"og:title\" content=\"Mandat - Comisia \u201ePre-Vetting\u201d\" \/>\n<meta property=\"og:description\" content=\"[vc_row wrap_container=&#8221;yes&#8221; text_align=&#8221;justify&#8221; conditional_render=&#8221;%5B%7B%22value_role%22%3A%22administrator%22%7D%5D&#8221; css=&#8221;.vc_custom_1662874398020{padding-top: 60px !important;}&#8221;][vc_column][vc_empty_space][vc_custom_heading text=&#8221;Despre Comisie&#8221; font_container=&#8221;tag:p|text_align:left|color:%23acb4be&#8221; use_theme_fonts=&#8221;yes&#8221; text_transform=&#8221;text-uppercase&#8221; font_weight=&#8221;700&#8243; animation_delay=&#8221;700&#8243; el_class=&#8221;mb-1&#8243;][vc_custom_heading text=&#8221;Mandatul Comisiei&#8221; font_container=&#8221;tag:h2|font_size:2.3em|text_align:left|line_height:1.2&#8243; use_theme_fonts=&#8221;yes&#8221; letter_spacing=&#8221;-1px&#8221; animation_delay=&#8221;900&#8243; el_class=&#8221;pb-3 mb-4&#8243;][vc_separator][vc_custom_heading text=&#8221; Integritatea sectorului justi\u021biei este una dintre provoc\u0103rile de baz\u0103 ale societ\u0103\u021bii noastre \u0219i reprezint\u0103 unul dintre angajamentele constante ale Republicii Moldova \u00een contextul negocierilor cu partenerii de dezvoltare, reg\u0103sindu-se \u00een majoritatea [&hellip;]\" \/>\n<meta property=\"og:url\" content=\"https:\/\/vetting.md\/prevetting\/?page_id=616&amp;lang=ro\" \/>\n<meta property=\"og:site_name\" content=\"Comisia \u201ePre-Vetting\u201d\" \/>\n<meta property=\"article:publisher\" content=\"https:\/\/www.facebook.com\/ComisiaPreVetting\" \/>\n<meta property=\"article:modified_time\" content=\"2022-10-20T14:04:47+00:00\" \/>\n<meta property=\"og:image\" content=\"https:\/\/vetting.md\/prevetting\/wp-content\/uploads\/2022\/10\/logo-primary.png\" \/>\n\t<meta property=\"og:image:width\" content=\"178\" \/>\n\t<meta property=\"og:image:height\" content=\"187\" \/>\n\t<meta property=\"og:image:type\" content=\"image\/png\" \/>\n<meta name=\"twitter:card\" content=\"summary_large_image\" \/>\n<meta name=\"twitter:label1\" content=\"Timp estimat pentru citire\" \/>\n\t<meta name=\"twitter:data1\" content=\"2 minute\" \/>\n<script type=\"application\/ld+json\" class=\"yoast-schema-graph\">{\"@context\":\"https:\/\/schema.org\",\"@graph\":[{\"@type\":\"WebPage\",\"@id\":\"https:\/\/vetting.md\/prevetting\/?page_id=616&lang=ro\",\"url\":\"https:\/\/vetting.md\/prevetting\/?page_id=616&lang=ro\",\"name\":\"Mandat - Comisia \u201ePre-Vetting\u201d\",\"isPartOf\":{\"@id\":\"https:\/\/vetting.md\/prevetting?lang=ro#website\"},\"datePublished\":\"2022-09-08T05:27:46+00:00\",\"dateModified\":\"2022-10-20T14:04:47+00:00\",\"breadcrumb\":{\"@id\":\"https:\/\/vetting.md\/prevetting\/?page_id=616&lang=ro#breadcrumb\"},\"inLanguage\":\"ro-RO\",\"potentialAction\":[{\"@type\":\"ReadAction\",\"target\":[[\"https:\/\/vetting.md\/prevetting\/?page_id=616&lang=ro\"]]}]},{\"@type\":\"BreadcrumbList\",\"@id\":\"https:\/\/vetting.md\/prevetting\/?page_id=616&lang=ro#breadcrumb\",\"itemListElement\":[{\"@type\":\"ListItem\",\"position\":1,\"name\":\"Home\",\"item\":\"https:\/\/vetting.md\/prevetting\/?lang=ro\"},{\"@type\":\"ListItem\",\"position\":2,\"name\":\"Mandat\"}]},{\"@type\":\"WebSite\",\"@id\":\"https:\/\/vetting.md\/prevetting?lang=ro#website\",\"url\":\"https:\/\/vetting.md\/prevetting?lang=ro\",\"name\":\"Comisia \u201ePre-Vetting\u201d\",\"description\":\"Comisia independent\u0103 de evaluare a integrit\u0103\u021bii candida\u021bilor la func\u021bia de membru \u00een organele de autoadministrare ale judec\u0103torilor \u0219i procurorilor\",\"publisher\":{\"@id\":\"https:\/\/vetting.md\/prevetting?lang=ro#organization\"},\"potentialAction\":[{\"@type\":\"SearchAction\",\"target\":{\"@type\":\"EntryPoint\",\"urlTemplate\":\"https:\/\/vetting.md\/prevetting?lang=ro\"},\"query-input\":\"required name=search_term_string\"}],\"inLanguage\":\"ro-RO\"},{\"@type\":\"Organization\",\"@id\":\"https:\/\/vetting.md\/prevetting?lang=ro#organization\",\"name\":\"Comisia \u201ePre-Vetting\u201d\",\"url\":\"https:\/\/vetting.md\/prevetting?lang=ro\",\"logo\":{\"@type\":\"ImageObject\",\"inLanguage\":\"ro-RO\",\"@id\":\"https:\/\/vetting.md\/prevetting?lang=ro#\/schema\/logo\/image\/\",\"url\":\"https:\/\/vetting.md\/prevetting\/wp-content\/uploads\/2022\/10\/logo-primary.png\",\"contentUrl\":\"https:\/\/vetting.md\/prevetting\/wp-content\/uploads\/2022\/10\/logo-primary.png\",\"width\":178,\"height\":187,\"caption\":\"Comisia \u201ePre-Vetting\u201d\"},\"image\":{\"@id\":\"https:\/\/vetting.md\/prevetting?lang=ro#\/schema\/logo\/image\/\"},\"sameAs\":[\"https:\/\/www.facebook.com\/ComisiaPreVetting\",\"https:\/\/www.youtube.com\/channel\/UC2EHBvtuq2H0EkeR38NCnKQ\"]}]}<\/script>\n<!-- \/ Yoast SEO plugin. -->","yoast_head_json":{"title":"Mandat - Comisia \u201ePre-Vetting\u201d","robots":{"index":"index","follow":"follow","max-snippet":"max-snippet:-1","max-image-preview":"max-image-preview:large","max-video-preview":"max-video-preview:-1"},"canonical":"https:\/\/vetting.md\/prevetting\/?page_id=616&lang=ro","og_locale":"ro_RO","og_type":"article","og_title":"Mandat - Comisia \u201ePre-Vetting\u201d","og_description":"[vc_row wrap_container=&#8221;yes&#8221; text_align=&#8221;justify&#8221; conditional_render=&#8221;%5B%7B%22value_role%22%3A%22administrator%22%7D%5D&#8221; css=&#8221;.vc_custom_1662874398020{padding-top: 60px !important;}&#8221;][vc_column][vc_empty_space][vc_custom_heading text=&#8221;Despre Comisie&#8221; font_container=&#8221;tag:p|text_align:left|color:%23acb4be&#8221; use_theme_fonts=&#8221;yes&#8221; text_transform=&#8221;text-uppercase&#8221; font_weight=&#8221;700&#8243; animation_delay=&#8221;700&#8243; el_class=&#8221;mb-1&#8243;][vc_custom_heading text=&#8221;Mandatul Comisiei&#8221; font_container=&#8221;tag:h2|font_size:2.3em|text_align:left|line_height:1.2&#8243; use_theme_fonts=&#8221;yes&#8221; letter_spacing=&#8221;-1px&#8221; animation_delay=&#8221;900&#8243; el_class=&#8221;pb-3 mb-4&#8243;][vc_separator][vc_custom_heading text=&#8221; Integritatea sectorului justi\u021biei este una dintre provoc\u0103rile de baz\u0103 ale societ\u0103\u021bii noastre \u0219i reprezint\u0103 unul dintre angajamentele constante ale Republicii Moldova \u00een contextul negocierilor cu partenerii de dezvoltare, reg\u0103sindu-se \u00een majoritatea [&hellip;]","og_url":"https:\/\/vetting.md\/prevetting\/?page_id=616&lang=ro","og_site_name":"Comisia \u201ePre-Vetting\u201d","article_publisher":"https:\/\/www.facebook.com\/ComisiaPreVetting","article_modified_time":"2022-10-20T14:04:47+00:00","og_image":[{"width":178,"height":187,"url":"https:\/\/vetting.md\/prevetting\/wp-content\/uploads\/2022\/10\/logo-primary.png","type":"image\/png"}],"twitter_card":"summary_large_image","twitter_misc":{"Timp estimat pentru citire":"2 minute"},"schema":{"@context":"https:\/\/schema.org","@graph":[{"@type":"WebPage","@id":"https:\/\/vetting.md\/prevetting\/?page_id=616&lang=ro","url":"https:\/\/vetting.md\/prevetting\/?page_id=616&lang=ro","name":"Mandat - Comisia \u201ePre-Vetting\u201d","isPartOf":{"@id":"https:\/\/vetting.md\/prevetting?lang=ro#website"},"datePublished":"2022-09-08T05:27:46+00:00","dateModified":"2022-10-20T14:04:47+00:00","breadcrumb":{"@id":"https:\/\/vetting.md\/prevetting\/?page_id=616&lang=ro#breadcrumb"},"inLanguage":"ro-RO","potentialAction":[{"@type":"ReadAction","target":[["https:\/\/vetting.md\/prevetting\/?page_id=616&lang=ro"]]}]},{"@type":"BreadcrumbList","@id":"https:\/\/vetting.md\/prevetting\/?page_id=616&lang=ro#breadcrumb","itemListElement":[{"@type":"ListItem","position":1,"name":"Home","item":"https:\/\/vetting.md\/prevetting\/?lang=ro"},{"@type":"ListItem","position":2,"name":"Mandat"}]},{"@type":"WebSite","@id":"https:\/\/vetting.md\/prevetting?lang=ro#website","url":"https:\/\/vetting.md\/prevetting?lang=ro","name":"Comisia \u201ePre-Vetting\u201d","description":"Comisia independent\u0103 de evaluare a integrit\u0103\u021bii candida\u021bilor la func\u021bia de membru \u00een organele de autoadministrare ale judec\u0103torilor \u0219i procurorilor","publisher":{"@id":"https:\/\/vetting.md\/prevetting?lang=ro#organization"},"potentialAction":[{"@type":"SearchAction","target":{"@type":"EntryPoint","urlTemplate":"https:\/\/vetting.md\/prevetting?lang=ro"},"query-input":"required name=search_term_string"}],"inLanguage":"ro-RO"},{"@type":"Organization","@id":"https:\/\/vetting.md\/prevetting?lang=ro#organization","name":"Comisia \u201ePre-Vetting\u201d","url":"https:\/\/vetting.md\/prevetting?lang=ro","logo":{"@type":"ImageObject","inLanguage":"ro-RO","@id":"https:\/\/vetting.md\/prevetting?lang=ro#\/schema\/logo\/image\/","url":"https:\/\/vetting.md\/prevetting\/wp-content\/uploads\/2022\/10\/logo-primary.png","contentUrl":"https:\/\/vetting.md\/prevetting\/wp-content\/uploads\/2022\/10\/logo-primary.png","width":178,"height":187,"caption":"Comisia \u201ePre-Vetting\u201d"},"image":{"@id":"https:\/\/vetting.md\/prevetting?lang=ro#\/schema\/logo\/image\/"},"sameAs":["https:\/\/www.facebook.com\/ComisiaPreVetting","https:\/\/www.youtube.com\/channel\/UC2EHBvtuq2H0EkeR38NCnKQ"]}]}},"_links":{"self":[{"href":"https:\/\/vetting.md\/prevetting?lang=ro%2Findex.php&rest_route=\/wp\/v2\/pages\/616","targetHints":{"allow":["GET"]}}],"collection":[{"href":"https:\/\/vetting.md\/prevetting?lang=ro%2Findex.php&rest_route=\/wp\/v2\/pages"}],"about":[{"href":"https:\/\/vetting.md\/prevetting?lang=ro%2Findex.php&rest_route=\/wp\/v2\/types\/page"}],"author":[{"embeddable":true,"href":"https:\/\/vetting.md\/prevetting?lang=ro%2Findex.php&rest_route=\/wp\/v2\/users\/1"}],"replies":[{"embeddable":true,"href":"https:\/\/vetting.md\/prevetting?lang=ro%2Findex.php&rest_route=%2Fwp%2Fv2%2Fcomments&post=616"}],"version-history":[{"count":20,"href":"https:\/\/vetting.md\/prevetting?lang=ro%2Findex.php&rest_route=\/wp\/v2\/pages\/616\/revisions"}],"predecessor-version":[{"id":2249,"href":"https:\/\/vetting.md\/prevetting?lang=ro%2Findex.php&rest_route=\/wp\/v2\/pages\/616\/revisions\/2249"}],"wp:attachment":[{"href":"https:\/\/vetting.md\/prevetting?lang=ro%2Findex.php&rest_route=%2Fwp%2Fv2%2Fmedia&parent=616"}],"curies":[{"name":"wp","href":"https:\/\/api.w.org\/{rel}","templated":true}]}}